{"id":1046,"date":"2020-12-09T07:43:38","date_gmt":"2020-12-09T07:43:38","guid":{"rendered":"https:\/\/aichinger-haustechnik.at\/?page_id=1046"},"modified":"2022-05-05T14:39:35","modified_gmt":"2022-05-05T14:39:35","slug":"abflussreinigung","status":"publish","type":"page","link":"https:\/\/aichinger-haustechnik.at\/index.php\/abflussreinigung\/","title":{"rendered":"Abflussreinigung"},"content":{"rendered":"\t\t<div data-elementor-type=\"wp-page\" data-elementor-id=\"1046\" class=\"elementor elementor-1046\" data-elementor-post-type=\"page\">\n\t\t\t\t\t\t<section class=\"elementor-section elementor-top-section elementor-element elementor-element-7ed1cc8 elementor-section-stretched elementor-section-full_width elementor-section-height-min-height elementor-section-items-stretch elementor-section-height-default\" data-id=\"7ed1cc8\" data-element_type=\"section\" data-settings=\"{&quot;stretch_section&quot;:&quot;section-stretched&quot;}\">\n\t\t\t\t\t\t<div class=\"elementor-container elementor-column-gap-no\">\n\t\t\t\t\t<div class=\"elementor-column elementor-col-100 elementor-top-column elementor-element elementor-element-bf936ae\" data-id=\"bf936ae\" data-element_type=\"column\">\n\t\t\t<div class=\"elementor-widget-wrap elementor-element-populated\">\n\t\t\t\t\t\t<div class=\"elementor-element elementor-element-f76bd26 elementor--h-position-center elementor--v-position-middle elementor-arrows-position-inside elementor-pagination-position-inside elementor-widget elementor-widget-slides\" data-id=\"f76bd26\" data-element_type=\"widget\" data-settings=\"{&quot;navigation&quot;:&quot;both&quot;,&quot;autoplay&quot;:&quot;yes&quot;,&quot;pause_on_hover&quot;:&quot;yes&quot;,&quot;pause_on_interaction&quot;:&quot;yes&quot;,&quot;autoplay_speed&quot;:5000,&quot;infinite&quot;:&quot;yes&quot;,&quot;transition&quot;:&quot;slide&quot;,&quot;transition_speed&quot;:500}\" data-widget_type=\"slides.default\">\n\t\t\t\t<div class=\"elementor-widget-container\">\n\t\t\t\t\t\t\t\t\t<div class=\"elementor-swiper\">\n\t\t\t\t\t<div class=\"elementor-slides-wrapper elementor-main-swiper swiper\" role=\"region\" aria-roledescription=\"carousel\" aria-label=\"Slider\" dir=\"ltr\" data-animation=\"fadeInUp\">\n\t\t\t\t<div class=\"swiper-wrapper elementor-slides\">\n\t\t\t\t\t\t\t\t\t\t<div class=\"elementor-repeater-item-b1c195f swiper-slide\" role=\"group\" aria-roledescription=\"slide\"><div class=\"swiper-slide-bg elementor-ken-burns elementor-ken-burns--in\" role=\"img\"><\/div><div class=\"elementor-background-overlay\"><\/div><div class=\"swiper-slide-inner\" ><div class=\"swiper-slide-contents\"><div class=\"elementor-slide-heading\">ABFLUSSREINIGUNG<\/div><div class=\"elementor-slide-description\">Damit das Wasser wieder abl\u00e4uft!<\/div><\/div><\/div><\/div>\t\t\t\t<\/div>\n\t\t\t\t\t\t\t<\/div>\n\t\t\t\t<\/div>\n\t\t\t\t\t\t\t\t<\/div>\n\t\t\t\t<\/div>\n\t\t\t\t\t<\/div>\n\t\t<\/div>\n\t\t\t\t\t<\/div>\n\t\t<\/section>\n\t\t\t\t<section class=\"elementor-section elementor-top-section elementor-element elementor-element-ef35e60 elementor-section-boxed elementor-section-height-default elementor-section-height-default\" data-id=\"ef35e60\" data-element_type=\"section\">\n\t\t\t\t\t\t<div class=\"elementor-container elementor-column-gap-default\">\n\t\t\t\t\t<div class=\"elementor-column elementor-col-100 elementor-top-column elementor-element elementor-element-27f3ab0\" data-id=\"27f3ab0\" data-element_type=\"column\">\n\t\t\t<div class=\"elementor-widget-wrap elementor-element-populated\">\n\t\t\t\t\t\t<div class=\"elementor-element elementor-element-abcf4cc elementor-widget elementor-widget-spacer\" data-id=\"abcf4cc\" data-element_type=\"widget\" data-widget_type=\"spacer.default\">\n\t\t\t\t<div class=\"elementor-widget-container\">\n\t\t\t\t\t\t\t<div class=\"elementor-spacer\">\n\t\t\t<div class=\"elementor-spacer-inner\"><\/div>\n\t\t<\/div>\n\t\t\t\t\t\t<\/div>\n\t\t\t\t<\/div>\n\t\t\t\t\t<\/div>\n\t\t<\/div>\n\t\t\t\t\t<\/div>\n\t\t<\/section>\n\t\t\t\t<section class=\"elementor-section elementor-top-section elementor-element elementor-element-be8f88e elementor-section-boxed elementor-section-height-default elementor-section-height-default\" data-id=\"be8f88e\" data-element_type=\"section\">\n\t\t\t\t\t\t<div class=\"elementor-container elementor-column-gap-default\">\n\t\t\t\t\t<div class=\"elementor-column elementor-col-100 elementor-top-column elementor-element elementor-element-672c734\" data-id=\"672c734\" data-element_type=\"column\">\n\t\t\t<div class=\"elementor-widget-wrap elementor-element-populated\">\n\t\t\t\t\t\t<div class=\"elementor-element elementor-element-221f2bf elementor-widget elementor-widget-heading\" data-id=\"221f2bf\" data-element_type=\"widget\" data-widget_type=\"heading.default\">\n\t\t\t\t<div class=\"elementor-widget-container\">\n\t\t\t\t\t<h1 class=\"elementor-heading-title elementor-size-default\">ABFLUSSREINIGUNG<\/h1>\t\t\t\t<\/div>\n\t\t\t\t<\/div>\n\t\t\t\t\t<\/div>\n\t\t<\/div>\n\t\t\t\t\t<\/div>\n\t\t<\/section>\n\t\t\t\t<section class=\"elementor-section elementor-top-section elementor-element elementor-element-af76c0d elementor-section-boxed elementor-section-height-default elementor-section-height-default\" data-id=\"af76c0d\" data-element_type=\"section\">\n\t\t\t\t\t\t<div class=\"elementor-container elementor-column-gap-default\">\n\t\t\t\t\t<div class=\"elementor-column elementor-col-100 elementor-top-column elementor-element elementor-element-0a8c27c\" data-id=\"0a8c27c\" data-element_type=\"column\">\n\t\t\t<div class=\"elementor-widget-wrap elementor-element-populated\">\n\t\t\t\t\t\t<div class=\"elementor-element elementor-element-752917a elementor-widget elementor-widget-text-editor\" data-id=\"752917a\" data-element_type=\"widget\" data-widget_type=\"text-editor.default\">\n\t\t\t\t<div class=\"elementor-widget-container\">\n\t\t\t\t\t\t\t\t\t<p style=\"text-align: center;\">Wir sind Ihr Ansprechpartner f\u00fcr Abflussreinigung in Sch\u00e4rding.<br \/>Beugen Sie Verstopfungen und kaputte Rohre vor!<\/p>\t\t\t\t\t\t\t\t<\/div>\n\t\t\t\t<\/div>\n\t\t\t\t\t<\/div>\n\t\t<\/div>\n\t\t\t\t\t<\/div>\n\t\t<\/section>\n\t\t\t\t<section class=\"elementor-section elementor-top-section elementor-element elementor-element-4552be2 elementor-section-boxed elementor-section-height-default elementor-section-height-default\" data-id=\"4552be2\" data-element_type=\"section\">\n\t\t\t\t\t\t<div class=\"elementor-container elementor-column-gap-default\">\n\t\t\t\t\t<div class=\"elementor-column elementor-col-50 elementor-top-column elementor-element elementor-element-5b37fe5\" data-id=\"5b37fe5\" data-element_type=\"column\">\n\t\t\t<div class=\"elementor-widget-wrap elementor-element-populated\">\n\t\t\t\t\t\t<div class=\"elementor-element elementor-element-2b9257b elementor-widget elementor-widget-text-editor\" data-id=\"2b9257b\" data-element_type=\"widget\" data-widget_type=\"text-editor.default\">\n\t\t\t\t<div class=\"elementor-widget-container\">\n\t\t\t\t\t\t\t\t\t<p>Saubere Rohre sind wichtig damit das Wasser ungehindert abflie\u00dfen kann. Denn durch Verstopfungen kann es zu Feuchtigkeit und Rohrsch\u00e4den kommen!<br \/><br \/>Darum bieten wir eine komplette Abflussreinigung in allen Wohnbereichen, egal ob Toilette, Bad oder K\u00fcche. Daf\u00fcr verwenden wir eine professionelle Rohrreinigungsmaschine. Damit ist eine Reinigung f\u00fcr Rohre mit einem Durchmesser von 20 bis 150 mm m\u00f6glich. Mit unseren Spezialwerkzeugen schonen wir Ihre Rohrinnenw\u00e4nde!<\/p>\t\t\t\t\t\t\t\t<\/div>\n\t\t\t\t<\/div>\n\t\t\t\t\t<\/div>\n\t\t<\/div>\n\t\t\t\t<div class=\"elementor-column elementor-col-50 elementor-top-column elementor-element elementor-element-c6a3aa6\" data-id=\"c6a3aa6\" data-element_type=\"column\">\n\t\t\t<div class=\"elementor-widget-wrap elementor-element-populated\">\n\t\t\t\t\t\t<div class=\"elementor-element elementor-element-6b37451 elementor-widget elementor-widget-image\" data-id=\"6b37451\" data-element_type=\"widget\" data-widget_type=\"image.default\">\n\t\t\t\t<div class=\"elementor-widget-container\">\n\t\t\t\t\t\t\t\t\t\t\t\t\t\t\t<img fetchpriority=\"high\" decoding=\"async\" width=\"1024\" height=\"683\" src=\"https:\/\/aichinger-haustechnik.at\/wp-content\/uploads\/2020\/12\/abfluss-1024x683.jpg\" class=\"attachment-large size-large wp-image-1056\" alt=\"abfluss\" srcset=\"https:\/\/aichinger-haustechnik.at\/wp-content\/uploads\/2020\/12\/abfluss-1024x683.jpg 1024w, https:\/\/aichinger-haustechnik.at\/wp-content\/uploads\/2020\/12\/abfluss-300x200.jpg 300w, https:\/\/aichinger-haustechnik.at\/wp-content\/uploads\/2020\/12\/abfluss-768x512.jpg 768w, https:\/\/aichinger-haustechnik.at\/wp-content\/uploads\/2020\/12\/abfluss-830x554.jpg 830w, https:\/\/aichinger-haustechnik.at\/wp-content\/uploads\/2020\/12\/abfluss-230x153.jpg 230w, https:\/\/aichinger-haustechnik.at\/wp-content\/uploads\/2020\/12\/abfluss-350x234.jpg 350w, https:\/\/aichinger-haustechnik.at\/wp-content\/uploads\/2020\/12\/abfluss-480x320.jpg 480w, https:\/\/aichinger-haustechnik.at\/wp-content\/uploads\/2020\/12\/abfluss-600x400.jpg 600w, https:\/\/aichinger-haustechnik.at\/wp-content\/uploads\/2020\/12\/abfluss.jpg 1280w\" sizes=\"(max-width: 1024px) 100vw, 1024px\" \/>\t\t\t\t\t\t\t\t\t\t\t\t\t\t\t<\/div>\n\t\t\t\t<\/div>\n\t\t\t\t\t<\/div>\n\t\t<\/div>\n\t\t\t\t\t<\/div>\n\t\t<\/section>\n\t\t\t\t<section class=\"elementor-section elementor-top-section elementor-element elementor-element-09b7424 elementor-section-boxed elementor-section-height-default elementor-section-height-default\" data-id=\"09b7424\" data-element_type=\"section\">\n\t\t\t\t\t\t<div class=\"elementor-container elementor-column-gap-default\">\n\t\t\t\t\t<div class=\"elementor-column elementor-col-100 elementor-top-column elementor-element elementor-element-f38b11a\" data-id=\"f38b11a\" data-element_type=\"column\">\n\t\t\t<div class=\"elementor-widget-wrap elementor-element-populated\">\n\t\t\t\t\t\t<div class=\"elementor-element elementor-element-dd76539 elementor-widget elementor-widget-spacer\" data-id=\"dd76539\" data-element_type=\"widget\" data-widget_type=\"spacer.default\">\n\t\t\t\t<div class=\"elementor-widget-container\">\n\t\t\t\t\t\t\t<div class=\"elementor-spacer\">\n\t\t\t<div class=\"elementor-spacer-inner\"><\/div>\n\t\t<\/div>\n\t\t\t\t\t\t<\/div>\n\t\t\t\t<\/div>\n\t\t\t\t\t<\/div>\n\t\t<\/div>\n\t\t\t\t\t<\/div>\n\t\t<\/section>\n\t\t\t\t<section class=\"elementor-section elementor-top-section elementor-element elementor-element-ea73b1f elementor-section-boxed elementor-section-height-default elementor-section-height-default\" data-id=\"ea73b1f\" data-element_type=\"section\">\n\t\t\t\t\t\t<div class=\"elementor-container elementor-column-gap-default\">\n\t\t\t\t\t<div class=\"elementor-column elementor-col-100 elementor-top-column elementor-element elementor-element-2f17c11\" data-id=\"2f17c11\" data-element_type=\"column\">\n\t\t\t<div class=\"elementor-widget-wrap elementor-element-populated\">\n\t\t\t\t\t\t<div class=\"elementor-element elementor-element-05b0b1f elementor-align-center elementor-widget elementor-widget-button\" data-id=\"05b0b1f\" data-element_type=\"widget\" data-widget_type=\"button.default\">\n\t\t\t\t<div class=\"elementor-widget-container\">\n\t\t\t\t\t\t\t\t\t<div class=\"elementor-button-wrapper\">\n\t\t\t\t\t<a class=\"elementor-button elementor-button-link elementor-size-md elementor-animation-grow\" href=\"https:\/\/www.aichinger-haustechnik.at\/index.php\/kontakt\">\n\t\t\t\t\t\t<span class=\"elementor-button-content-wrapper\">\n\t\t\t\t\t\t\t\t\t<span class=\"elementor-button-text\">Jetzt Anfragen<\/span>\n\t\t\t\t\t<\/span>\n\t\t\t\t\t<\/a>\n\t\t\t\t<\/div>\n\t\t\t\t\t\t\t\t<\/div>\n\t\t\t\t<\/div>\n\t\t\t\t\t<\/div>\n\t\t<\/div>\n\t\t\t\t\t<\/div>\n\t\t<\/section>\n\t\t\t\t<\/div>\n\t\t","protected":false},"excerpt":{"rendered":"<p>ABFLUSSREINIGUNGDamit das Wasser wieder abl\u00e4uft! ABFLUSSREINIGUNG Wir sind Ihr Ansprechpartner f\u00fcr Abflussreinigung in Sch\u00e4rding. Beugen Sie Verstopfungen und kaputte Rohre vor! Saubere [&hellip;]<\/p>\n","protected":false},"author":2,"featured_media":0,"parent":0,"menu_order":0,"comment_status":"closed","ping_status":"closed","template":"elementor_header_footer","meta":{"footnotes":""},"class_list":["post-1046","page","type-page","status-publish","hentry"],"yoast_head":"<!-- This site is optimized with the Yoast SEO Premium plugin v24.7 (Yoast SEO v24.7) - https:\/\/yoast.com\/wordpress\/plugins\/seo\/ -->\n<title>Abflussreinigung Sch\u00e4rding | Aichinger Haustechnik | Kopfing<\/title>\n<meta name=\"description\" content=\"Ihr Abfluss ist verstopft? Kein Problem! Wir sind Ihr Installateur f\u00fcr Abflussreinigung \/ Rohrreinigung in Sch\u00e4rding!\" \/>\n<meta name=\"robots\" content=\"index, follow, max-snippet:-1, max-image-preview:large, max-video-preview:-1\" \/>\n<link rel=\"canonical\" href=\"https:\/\/aichinger-haustechnik.at\/index.php\/abflussreinigung\/\" \/>\n<meta property=\"og:locale\" content=\"de_DE\" \/>\n<meta property=\"og:type\" content=\"article\" \/>\n<meta property=\"og:title\" content=\"Abflussreinigung\" \/>\n<meta property=\"og:description\" content=\"Ihr Abfluss ist verstopft? Kein Problem! Wir sind Ihr Installateur f\u00fcr Abflussreinigung \/ Rohrreinigung in Sch\u00e4rding!\" \/>\n<meta property=\"og:url\" content=\"https:\/\/aichinger-haustechnik.at\/index.php\/abflussreinigung\/\" \/>\n<meta property=\"og:site_name\" content=\"Aichinger Haustechnik\" \/>\n<meta property=\"article:modified_time\" content=\"2022-05-05T14:39:35+00:00\" \/>\n<meta property=\"og:image\" content=\"https:\/\/aichinger-haustechnik.at\/wp-content\/uploads\/2020\/12\/abfluss-1024x683.jpg\" \/>\n<meta name=\"twitter:card\" content=\"summary_large_image\" \/>\n<meta name=\"twitter:label1\" content=\"Gesch\u00e4tzte Lesezeit\" \/>\n\t<meta name=\"twitter:data1\" content=\"1\u00a0Minute\" \/>\n<script type=\"application\/ld+json\" class=\"yoast-schema-graph\">{\"@context\":\"https:\/\/schema.org\",\"@graph\":[{\"@type\":\"WebPage\",\"@id\":\"https:\/\/aichinger-haustechnik.at\/index.php\/abflussreinigung\/\",\"url\":\"https:\/\/aichinger-haustechnik.at\/index.php\/abflussreinigung\/\",\"name\":\"Abflussreinigung Sch\u00e4rding | Aichinger Haustechnik | Kopfing\",\"isPartOf\":{\"@id\":\"https:\/\/aichinger-haustechnik.at\/#website\"},\"primaryImageOfPage\":{\"@id\":\"https:\/\/aichinger-haustechnik.at\/index.php\/abflussreinigung\/#primaryimage\"},\"image\":{\"@id\":\"https:\/\/aichinger-haustechnik.at\/index.php\/abflussreinigung\/#primaryimage\"},\"thumbnailUrl\":\"https:\/\/aichinger-haustechnik.at\/wp-content\/uploads\/2020\/12\/abfluss-1024x683.jpg\",\"datePublished\":\"2020-12-09T07:43:38+00:00\",\"dateModified\":\"2022-05-05T14:39:35+00:00\",\"description\":\"Ihr Abfluss ist verstopft? Kein Problem! Wir sind Ihr Installateur f\u00fcr Abflussreinigung \/ Rohrreinigung in Sch\u00e4rding!\",\"breadcrumb\":{\"@id\":\"https:\/\/aichinger-haustechnik.at\/index.php\/abflussreinigung\/#breadcrumb\"},\"inLanguage\":\"de\",\"potentialAction\":[{\"@type\":\"ReadAction\",\"target\":[\"https:\/\/aichinger-haustechnik.at\/index.php\/abflussreinigung\/\"]}]},{\"@type\":\"ImageObject\",\"inLanguage\":\"de\",\"@id\":\"https:\/\/aichinger-haustechnik.at\/index.php\/abflussreinigung\/#primaryimage\",\"url\":\"https:\/\/aichinger-haustechnik.at\/wp-content\/uploads\/2020\/12\/abfluss.jpg\",\"contentUrl\":\"https:\/\/aichinger-haustechnik.at\/wp-content\/uploads\/2020\/12\/abfluss.jpg\",\"width\":1280,\"height\":854,\"caption\":\"abfluss\"},{\"@type\":\"BreadcrumbList\",\"@id\":\"https:\/\/aichinger-haustechnik.at\/index.php\/abflussreinigung\/#breadcrumb\",\"itemListElement\":[{\"@type\":\"ListItem\",\"position\":1,\"name\":\"Home\",\"item\":\"https:\/\/aichinger-haustechnik.at\/\"},{\"@type\":\"ListItem\",\"position\":2,\"name\":\"Abflussreinigung\"}]},{\"@type\":\"WebSite\",\"@id\":\"https:\/\/aichinger-haustechnik.at\/#website\",\"url\":\"https:\/\/aichinger-haustechnik.at\/\",\"name\":\"Aichinger Haustechnik\",\"description\":\"Installateur Kopfing im Innkreis\",\"potentialAction\":[{\"@type\":\"SearchAction\",\"target\":{\"@type\":\"EntryPoint\",\"urlTemplate\":\"https:\/\/aichinger-haustechnik.at\/?s={search_term_string}\"},\"query-input\":{\"@type\":\"PropertyValueSpecification\",\"valueRequired\":true,\"valueName\":\"search_term_string\"}}],\"inLanguage\":\"de\"}]}<\/script>\n<!-- \/ Yoast SEO Premium plugin. -->","yoast_head_json":{"title":"Abflussreinigung Sch\u00e4rding | Aichinger Haustechnik | Kopfing","description":"Ihr Abfluss ist verstopft? Kein Problem! Wir sind Ihr Installateur f\u00fcr Abflussreinigung \/ Rohrreinigung in Sch\u00e4rding!","robots":{"index":"index","follow":"follow","max-snippet":"max-snippet:-1","max-image-preview":"max-image-preview:large","max-video-preview":"max-video-preview:-1"},"canonical":"https:\/\/aichinger-haustechnik.at\/index.php\/abflussreinigung\/","og_locale":"de_DE","og_type":"article","og_title":"Abflussreinigung","og_description":"Ihr Abfluss ist verstopft? Kein Problem! Wir sind Ihr Installateur f\u00fcr Abflussreinigung \/ Rohrreinigung in Sch\u00e4rding!","og_url":"https:\/\/aichinger-haustechnik.at\/index.php\/abflussreinigung\/","og_site_name":"Aichinger Haustechnik","article_modified_time":"2022-05-05T14:39:35+00:00","og_image":[{"url":"https:\/\/aichinger-haustechnik.at\/wp-content\/uploads\/2020\/12\/abfluss-1024x683.jpg","type":"","width":"","height":""}],"twitter_card":"summary_large_image","twitter_misc":{"Gesch\u00e4tzte Lesezeit":"1\u00a0Minute"},"schema":{"@context":"https:\/\/schema.org","@graph":[{"@type":"WebPage","@id":"https:\/\/aichinger-haustechnik.at\/index.php\/abflussreinigung\/","url":"https:\/\/aichinger-haustechnik.at\/index.php\/abflussreinigung\/","name":"Abflussreinigung Sch\u00e4rding | Aichinger Haustechnik | Kopfing","isPartOf":{"@id":"https:\/\/aichinger-haustechnik.at\/#website"},"primaryImageOfPage":{"@id":"https:\/\/aichinger-haustechnik.at\/index.php\/abflussreinigung\/#primaryimage"},"image":{"@id":"https:\/\/aichinger-haustechnik.at\/index.php\/abflussreinigung\/#primaryimage"},"thumbnailUrl":"https:\/\/aichinger-haustechnik.at\/wp-content\/uploads\/2020\/12\/abfluss-1024x683.jpg","datePublished":"2020-12-09T07:43:38+00:00","dateModified":"2022-05-05T14:39:35+00:00","description":"Ihr Abfluss ist verstopft? Kein Problem! Wir sind Ihr Installateur f\u00fcr Abflussreinigung \/ Rohrreinigung in Sch\u00e4rding!","breadcrumb":{"@id":"https:\/\/aichinger-haustechnik.at\/index.php\/abflussreinigung\/#breadcrumb"},"inLanguage":"de","potentialAction":[{"@type":"ReadAction","target":["https:\/\/aichinger-haustechnik.at\/index.php\/abflussreinigung\/"]}]},{"@type":"ImageObject","inLanguage":"de","@id":"https:\/\/aichinger-haustechnik.at\/index.php\/abflussreinigung\/#primaryimage","url":"https:\/\/aichinger-haustechnik.at\/wp-content\/uploads\/2020\/12\/abfluss.jpg","contentUrl":"https:\/\/aichinger-haustechnik.at\/wp-content\/uploads\/2020\/12\/abfluss.jpg","width":1280,"height":854,"caption":"abfluss"},{"@type":"BreadcrumbList","@id":"https:\/\/aichinger-haustechnik.at\/index.php\/abflussreinigung\/#breadcrumb","itemListElement":[{"@type":"ListItem","position":1,"name":"Home","item":"https:\/\/aichinger-haustechnik.at\/"},{"@type":"ListItem","position":2,"name":"Abflussreinigung"}]},{"@type":"WebSite","@id":"https:\/\/aichinger-haustechnik.at\/#website","url":"https:\/\/aichinger-haustechnik.at\/","name":"Aichinger Haustechnik","description":"Installateur Kopfing im Innkreis","potentialAction":[{"@type":"SearchAction","target":{"@type":"EntryPoint","urlTemplate":"https:\/\/aichinger-haustechnik.at\/?s={search_term_string}"},"query-input":{"@type":"PropertyValueSpecification","valueRequired":true,"valueName":"search_term_string"}}],"inLanguage":"de"}]}},"_links":{"self":[{"href":"https:\/\/aichinger-haustechnik.at\/index.php\/wp-json\/wp\/v2\/pages\/1046","targetHints":{"allow":["GET"]}}],"collection":[{"href":"https:\/\/aichinger-haustechnik.at\/index.php\/wp-json\/wp\/v2\/pages"}],"about":[{"href":"https:\/\/aichinger-haustechnik.at\/index.php\/wp-json\/wp\/v2\/types\/page"}],"author":[{"embeddable":true,"href":"https:\/\/aichinger-haustechnik.at\/index.php\/wp-json\/wp\/v2\/users\/2"}],"replies":[{"embeddable":true,"href":"https:\/\/aichinger-haustechnik.at\/index.php\/wp-json\/wp\/v2\/comments?post=1046"}],"version-history":[{"count":23,"href":"https:\/\/aichinger-haustechnik.at\/index.php\/wp-json\/wp\/v2\/pages\/1046\/revisions"}],"predecessor-version":[{"id":1741,"href":"https:\/\/aichinger-haustechnik.at\/index.php\/wp-json\/wp\/v2\/pages\/1046\/revisions\/1741"}],"wp:attachment":[{"href":"https:\/\/aichinger-haustechnik.at\/index.php\/wp-json\/wp\/v2\/media?parent=1046"}],"curies":[{"name":"wp","href":"https:\/\/api.w.org\/{rel}","templated":true}]}}