{"id":109,"date":"2020-05-25T10:52:25","date_gmt":"2020-05-25T10:52:25","guid":{"rendered":"https:\/\/aichinger-haustechnik.at\/?page_id=109"},"modified":"2020-12-22T15:33:01","modified_gmt":"2020-12-22T15:33:01","slug":"impressum","status":"publish","type":"page","link":"https:\/\/aichinger-haustechnik.at\/index.php\/impressum\/","title":{"rendered":"Impressum"},"content":{"rendered":"<p>Impressum:<\/p><p><strong>Urheber \/ Herausgeber:<\/strong><\/p><p>Aichinger Haustechnik<br>Thomas Aichinger GmbH<br>Entholz 28<br>4794 Kopfing<br><br>Tel.: 07763\/20 867<br>Email: office@aichinger-haustechnik.at<br><br><\/p><p><strong>Copyright &amp; Haftungsausschluss<\/strong><br>Der Urheber haftet nicht f\u00fcr allf\u00e4llige falsche Angaben auf der Homepage. Alle Angaben sind ohne Gew\u00e4hr. Die verwendeten Inhalte d\u00fcrfen nur nach vorheriger Zustimmung des Urhebers verwendet werden. Alle Rechte vorbehalten.<\/p><p>Diese Website benutzt Google Analytics, einen Webanalysedienst der Google Inc. (\u201eGoogle\u201c) Google Analytics verwendet sog. \u201eCookies\u201c, Textdateien, die auf Ihrem Computer gespeichert werden und die eine Analyse der Benutzung der Website durch Sie erm\u00f6glicht. Die durch den Cookie erzeugten Informationen \u00fcber Ihre Benutzung diese Website (einschlie\u00dflich Ihrer IP-Adresse) wird an einen Server von Google in den USA \u00fcbertragen und dort gespeichert. Google wird diese Informationen benutzen, um Ihre Nutzung der Website auszuwerten, um Reports \u00fcber die Websiteaktivit\u00e4ten f\u00fcr die Websitebetreiber zusammenzustellen und um weitere mit der Websitenutzung und der Internetnutzung verbundene Dienstleistungen zu erbringen. Auch wird Google diese Informationen gegebenenfalls an Dritte\u00fcbertragen, sofern dies gesetzlich vorgeschrieben oder soweit Dritte diese Daten im Auftrag von Google verarbeiten. Google wird in keinem Fall Ihre IP-Adresse mit anderen Daten der Google in Verbindung bringen. Sie k\u00f6nnen die Installation der Cookies durch eine entsprechende Einstellung Ihrer Browser Software verhindern; wir weisen Sie jedoch darauf hin, dass Sie in diesem Fall gegebenenfalls nicht s\u00e4mtliche Funktionen dieser Website voll umf\u00e4nglich nutzen k\u00f6nnen. Durch die Nutzung dieser Website erkl\u00e4ren Sie sich mit der Bearbeitung der \u00fcber Sie erhobenen Daten durch Google in der zuvor beschriebenen Art und Weise und zu dem zuvor benannten Zweck einverstanden.<br><br><a href=\"https:\/\/aichinger-haustechnik.at\/index.php\/datenschutz\/\">Datenschutzhinweis<\/a><br><br>Konzeption &amp; Programmierung<br><a href=\"https:\/\/brueckl.eu\/\">Br\u00fcckl GmbH<a href=\"https:\/\/brueckl.eu\/\"><\/a><\/a><\/p>","protected":false},"excerpt":{"rendered":"<p>Impressum: Urheber \/ Herausgeber: Aichinger HaustechnikThomas Aichinger GmbHEntholz 284794 Kopfing Tel.: 07763\/20 867Email: office@aichinger-haustechnik.at Copyright &amp; HaftungsausschlussDer Urheber haftet nicht f\u00fcr allf\u00e4llige [&hellip;]<\/p>\n","protected":false},"author":2,"featured_media":0,"parent":0,"menu_order":0,"comment_status":"closed","ping_status":"closed","template":"elementor_header_footer","meta":{"footnotes":""},"class_list":["post-109","page","type-page","status-publish","hentry"],"yoast_head":"<!-- This site is optimized with the Yoast SEO Premium plugin v24.7 (Yoast SEO v24.7) - https:\/\/yoast.com\/wordpress\/plugins\/seo\/ -->\n<title>Impressum - Aichinger Haustechnik<\/title>\n<meta name=\"robots\" content=\"index, follow, max-snippet:-1, max-image-preview:large, max-video-preview:-1\" \/>\n<link rel=\"canonical\" href=\"https:\/\/aichinger-haustechnik.at\/index.php\/impressum\/\" \/>\n<meta property=\"og:locale\" content=\"de_DE\" \/>\n<meta property=\"og:type\" content=\"article\" \/>\n<meta property=\"og:title\" content=\"Impressum\" \/>\n<meta property=\"og:description\" content=\"Impressum: Urheber \/ Herausgeber: Aichinger HaustechnikThomas Aichinger GmbHEntholz 284794 Kopfing Tel.: 07763\/20 867Email: office@aichinger-haustechnik.at Copyright &amp; HaftungsausschlussDer Urheber haftet nicht f\u00fcr allf\u00e4llige [&hellip;]\" \/>\n<meta property=\"og:url\" content=\"https:\/\/aichinger-haustechnik.at\/index.php\/impressum\/\" \/>\n<meta property=\"og:site_name\" content=\"Aichinger Haustechnik\" \/>\n<meta property=\"article:modified_time\" content=\"2020-12-22T15:33:01+00:00\" \/>\n<meta name=\"twitter:card\" content=\"summary_large_image\" \/>\n<meta name=\"twitter:label1\" content=\"Gesch\u00e4tzte Lesezeit\" \/>\n\t<meta name=\"twitter:data1\" content=\"1\u00a0Minute\" \/>\n<script type=\"application\/ld+json\" class=\"yoast-schema-graph\">{\"@context\":\"https:\/\/schema.org\",\"@graph\":[{\"@type\":\"WebPage\",\"@id\":\"https:\/\/aichinger-haustechnik.at\/index.php\/impressum\/\",\"url\":\"https:\/\/aichinger-haustechnik.at\/index.php\/impressum\/\",\"name\":\"Impressum - Aichinger Haustechnik\",\"isPartOf\":{\"@id\":\"https:\/\/aichinger-haustechnik.at\/#website\"},\"datePublished\":\"2020-05-25T10:52:25+00:00\",\"dateModified\":\"2020-12-22T15:33:01+00:00\",\"breadcrumb\":{\"@id\":\"https:\/\/aichinger-haustechnik.at\/index.php\/impressum\/#breadcrumb\"},\"inLanguage\":\"de\",\"potentialAction\":[{\"@type\":\"ReadAction\",\"target\":[\"https:\/\/aichinger-haustechnik.at\/index.php\/impressum\/\"]}]},{\"@type\":\"BreadcrumbList\",\"@id\":\"https:\/\/aichinger-haustechnik.at\/index.php\/impressum\/#breadcrumb\",\"itemListElement\":[{\"@type\":\"ListItem\",\"position\":1,\"name\":\"Home\",\"item\":\"https:\/\/aichinger-haustechnik.at\/\"},{\"@type\":\"ListItem\",\"position\":2,\"name\":\"Impressum\"}]},{\"@type\":\"WebSite\",\"@id\":\"https:\/\/aichinger-haustechnik.at\/#website\",\"url\":\"https:\/\/aichinger-haustechnik.at\/\",\"name\":\"Aichinger Haustechnik\",\"description\":\"Installateur Kopfing im Innkreis\",\"potentialAction\":[{\"@type\":\"SearchAction\",\"target\":{\"@type\":\"EntryPoint\",\"urlTemplate\":\"https:\/\/aichinger-haustechnik.at\/?s={search_term_string}\"},\"query-input\":{\"@type\":\"PropertyValueSpecification\",\"valueRequired\":true,\"valueName\":\"search_term_string\"}}],\"inLanguage\":\"de\"}]}<\/script>\n<!-- \/ Yoast SEO Premium plugin. -->","yoast_head_json":{"title":"Impressum - Aichinger Haustechnik","robots":{"index":"index","follow":"follow","max-snippet":"max-snippet:-1","max-image-preview":"max-image-preview:large","max-video-preview":"max-video-preview:-1"},"canonical":"https:\/\/aichinger-haustechnik.at\/index.php\/impressum\/","og_locale":"de_DE","og_type":"article","og_title":"Impressum","og_description":"Impressum: Urheber \/ Herausgeber: Aichinger HaustechnikThomas Aichinger GmbHEntholz 284794 Kopfing Tel.: 07763\/20 867Email: office@aichinger-haustechnik.at Copyright &amp; HaftungsausschlussDer Urheber haftet nicht f\u00fcr allf\u00e4llige [&hellip;]","og_url":"https:\/\/aichinger-haustechnik.at\/index.php\/impressum\/","og_site_name":"Aichinger Haustechnik","article_modified_time":"2020-12-22T15:33:01+00:00","twitter_card":"summary_large_image","twitter_misc":{"Gesch\u00e4tzte Lesezeit":"1\u00a0Minute"},"schema":{"@context":"https:\/\/schema.org","@graph":[{"@type":"WebPage","@id":"https:\/\/aichinger-haustechnik.at\/index.php\/impressum\/","url":"https:\/\/aichinger-haustechnik.at\/index.php\/impressum\/","name":"Impressum - Aichinger Haustechnik","isPartOf":{"@id":"https:\/\/aichinger-haustechnik.at\/#website"},"datePublished":"2020-05-25T10:52:25+00:00","dateModified":"2020-12-22T15:33:01+00:00","breadcrumb":{"@id":"https:\/\/aichinger-haustechnik.at\/index.php\/impressum\/#breadcrumb"},"inLanguage":"de","potentialAction":[{"@type":"ReadAction","target":["https:\/\/aichinger-haustechnik.at\/index.php\/impressum\/"]}]},{"@type":"BreadcrumbList","@id":"https:\/\/aichinger-haustechnik.at\/index.php\/impressum\/#breadcrumb","itemListElement":[{"@type":"ListItem","position":1,"name":"Home","item":"https:\/\/aichinger-haustechnik.at\/"},{"@type":"ListItem","position":2,"name":"Impressum"}]},{"@type":"WebSite","@id":"https:\/\/aichinger-haustechnik.at\/#website","url":"https:\/\/aichinger-haustechnik.at\/","name":"Aichinger Haustechnik","description":"Installateur Kopfing im Innkreis","potentialAction":[{"@type":"SearchAction","target":{"@type":"EntryPoint","urlTemplate":"https:\/\/aichinger-haustechnik.at\/?s={search_term_string}"},"query-input":{"@type":"PropertyValueSpecification","valueRequired":true,"valueName":"search_term_string"}}],"inLanguage":"de"}]}},"_links":{"self":[{"href":"https:\/\/aichinger-haustechnik.at\/index.php\/wp-json\/wp\/v2\/pages\/109","targetHints":{"allow":["GET"]}}],"collection":[{"href":"https:\/\/aichinger-haustechnik.at\/index.php\/wp-json\/wp\/v2\/pages"}],"about":[{"href":"https:\/\/aichinger-haustechnik.at\/index.php\/wp-json\/wp\/v2\/types\/page"}],"author":[{"embeddable":true,"href":"https:\/\/aichinger-haustechnik.at\/index.php\/wp-json\/wp\/v2\/users\/2"}],"replies":[{"embeddable":true,"href":"https:\/\/aichinger-haustechnik.at\/index.php\/wp-json\/wp\/v2\/comments?post=109"}],"version-history":[{"count":4,"href":"https:\/\/aichinger-haustechnik.at\/index.php\/wp-json\/wp\/v2\/pages\/109\/revisions"}],"predecessor-version":[{"id":1188,"href":"https:\/\/aichinger-haustechnik.at\/index.php\/wp-json\/wp\/v2\/pages\/109\/revisions\/1188"}],"wp:attachment":[{"href":"https:\/\/aichinger-haustechnik.at\/index.php\/wp-json\/wp\/v2\/media?parent=109"}],"curies":[{"name":"wp","href":"https:\/\/api.w.org\/{rel}","templated":true}]}}