{"id":483,"date":"2020-07-13T14:27:51","date_gmt":"2020-07-13T14:27:51","guid":{"rendered":"https:\/\/aichinger-haustechnik.at\/?page_id=483"},"modified":"2022-05-05T14:44:32","modified_gmt":"2022-05-05T14:44:32","slug":"regenwasser","status":"publish","type":"page","link":"https:\/\/aichinger-haustechnik.at\/index.php\/regenwasser\/","title":{"rendered":"Regenwasser"},"content":{"rendered":"\t\t<div data-elementor-type=\"wp-page\" data-elementor-id=\"483\" class=\"elementor elementor-483\" data-elementor-post-type=\"page\">\n\t\t\t\t\t\t<section class=\"elementor-section elementor-top-section elementor-element elementor-element-7ed1cc8 elementor-section-stretched elementor-section-full_width elementor-section-height-min-height elementor-section-items-stretch elementor-section-height-default\" data-id=\"7ed1cc8\" data-element_type=\"section\" data-settings=\"{&quot;stretch_section&quot;:&quot;section-stretched&quot;}\">\n\t\t\t\t\t\t<div class=\"elementor-container elementor-column-gap-no\">\n\t\t\t\t\t<div class=\"elementor-column elementor-col-100 elementor-top-column elementor-element elementor-element-bf936ae\" data-id=\"bf936ae\" data-element_type=\"column\">\n\t\t\t<div class=\"elementor-widget-wrap elementor-element-populated\">\n\t\t\t\t\t\t<div class=\"elementor-element elementor-element-f76bd26 elementor--h-position-center elementor--v-position-middle elementor-arrows-position-inside elementor-pagination-position-inside elementor-widget elementor-widget-slides\" data-id=\"f76bd26\" data-element_type=\"widget\" data-settings=\"{&quot;navigation&quot;:&quot;both&quot;,&quot;autoplay&quot;:&quot;yes&quot;,&quot;pause_on_hover&quot;:&quot;yes&quot;,&quot;pause_on_interaction&quot;:&quot;yes&quot;,&quot;autoplay_speed&quot;:5000,&quot;infinite&quot;:&quot;yes&quot;,&quot;transition&quot;:&quot;slide&quot;,&quot;transition_speed&quot;:500}\" data-widget_type=\"slides.default\">\n\t\t\t\t<div class=\"elementor-widget-container\">\n\t\t\t\t\t\t\t\t\t<div class=\"elementor-swiper\">\n\t\t\t\t\t<div class=\"elementor-slides-wrapper elementor-main-swiper swiper\" role=\"region\" aria-roledescription=\"carousel\" aria-label=\"Slider\" dir=\"ltr\" data-animation=\"fadeInUp\">\n\t\t\t\t<div class=\"swiper-wrapper elementor-slides\">\n\t\t\t\t\t\t\t\t\t\t<div class=\"elementor-repeater-item-b1c195f swiper-slide\" role=\"group\" aria-roledescription=\"slide\"><div class=\"swiper-slide-bg elementor-ken-burns elementor-ken-burns--in\" role=\"img\"><\/div><div class=\"elementor-background-overlay\"><\/div><div class=\"swiper-slide-inner\" ><div class=\"swiper-slide-contents\"><div class=\"elementor-slide-heading\">REGENWASSERNUTZUNG<\/div><div class=\"elementor-slide-description\">Wasser ist kostbar!<\/div><\/div><\/div><\/div>\t\t\t\t<\/div>\n\t\t\t\t\t\t\t<\/div>\n\t\t\t\t<\/div>\n\t\t\t\t\t\t\t\t<\/div>\n\t\t\t\t<\/div>\n\t\t\t\t\t<\/div>\n\t\t<\/div>\n\t\t\t\t\t<\/div>\n\t\t<\/section>\n\t\t\t\t<section class=\"elementor-section elementor-top-section elementor-element elementor-element-f38c2fb elementor-section-boxed elementor-section-height-default elementor-section-height-default\" data-id=\"f38c2fb\" data-element_type=\"section\">\n\t\t\t\t\t\t<div class=\"elementor-container elementor-column-gap-default\">\n\t\t\t\t\t<div class=\"elementor-column elementor-col-100 elementor-top-column elementor-element elementor-element-ae006c9\" data-id=\"ae006c9\" data-element_type=\"column\">\n\t\t\t<div class=\"elementor-widget-wrap elementor-element-populated\">\n\t\t\t\t\t\t<div class=\"elementor-element elementor-element-6fd1ca4 elementor-widget elementor-widget-spacer\" data-id=\"6fd1ca4\" data-element_type=\"widget\" data-widget_type=\"spacer.default\">\n\t\t\t\t<div class=\"elementor-widget-container\">\n\t\t\t\t\t\t\t<div class=\"elementor-spacer\">\n\t\t\t<div class=\"elementor-spacer-inner\"><\/div>\n\t\t<\/div>\n\t\t\t\t\t\t<\/div>\n\t\t\t\t<\/div>\n\t\t\t\t\t<\/div>\n\t\t<\/div>\n\t\t\t\t\t<\/div>\n\t\t<\/section>\n\t\t\t\t<section class=\"elementor-section elementor-top-section elementor-element elementor-element-81f087a elementor-section-boxed elementor-section-height-default elementor-section-height-default\" data-id=\"81f087a\" data-element_type=\"section\">\n\t\t\t\t\t\t<div class=\"elementor-container elementor-column-gap-default\">\n\t\t\t\t\t<div class=\"elementor-column elementor-col-100 elementor-top-column elementor-element elementor-element-adb838b\" data-id=\"adb838b\" data-element_type=\"column\">\n\t\t\t<div class=\"elementor-widget-wrap elementor-element-populated\">\n\t\t\t\t\t\t<div class=\"elementor-element elementor-element-f5e05ba elementor-widget elementor-widget-heading\" data-id=\"f5e05ba\" data-element_type=\"widget\" data-widget_type=\"heading.default\">\n\t\t\t\t<div class=\"elementor-widget-container\">\n\t\t\t\t\t<h1 class=\"elementor-heading-title elementor-size-default\">REGENWASSERNUTZUNG<\/h1>\t\t\t\t<\/div>\n\t\t\t\t<\/div>\n\t\t\t\t\t<\/div>\n\t\t<\/div>\n\t\t\t\t\t<\/div>\n\t\t<\/section>\n\t\t\t\t<section class=\"elementor-section elementor-top-section elementor-element elementor-element-2c98d60 elementor-section-boxed elementor-section-height-default elementor-section-height-default\" data-id=\"2c98d60\" data-element_type=\"section\">\n\t\t\t\t\t\t<div class=\"elementor-container elementor-column-gap-default\">\n\t\t\t\t\t<div class=\"elementor-column elementor-col-100 elementor-top-column elementor-element elementor-element-cc0f361\" data-id=\"cc0f361\" data-element_type=\"column\">\n\t\t\t<div class=\"elementor-widget-wrap elementor-element-populated\">\n\t\t\t\t\t\t<div class=\"elementor-element elementor-element-939df91 elementor-widget elementor-widget-text-editor\" data-id=\"939df91\" data-element_type=\"widget\" data-widget_type=\"text-editor.default\">\n\t\t\t\t<div class=\"elementor-widget-container\">\n\t\t\t\t\t\t\t\t\t<p style=\"text-align: center;\">Wir sind Ihr Spezialist f\u00fcr Regenwassernutzung in Sch\u00e4rding!<\/p>\t\t\t\t\t\t\t\t<\/div>\n\t\t\t\t<\/div>\n\t\t\t\t\t<\/div>\n\t\t<\/div>\n\t\t\t\t\t<\/div>\n\t\t<\/section>\n\t\t\t\t<section class=\"elementor-section elementor-top-section elementor-element elementor-element-446a090 elementor-section-boxed elementor-section-height-default elementor-section-height-default\" data-id=\"446a090\" data-element_type=\"section\">\n\t\t\t\t\t\t<div class=\"elementor-container elementor-column-gap-default\">\n\t\t\t\t\t<div class=\"elementor-column elementor-col-100 elementor-top-column elementor-element elementor-element-1b93fbb\" data-id=\"1b93fbb\" data-element_type=\"column\">\n\t\t\t<div class=\"elementor-widget-wrap elementor-element-populated\">\n\t\t\t\t\t\t<div class=\"elementor-element elementor-element-536d143 elementor-widget elementor-widget-text-editor\" data-id=\"536d143\" data-element_type=\"widget\" data-widget_type=\"text-editor.default\">\n\t\t\t\t<div class=\"elementor-widget-container\">\n\t\t\t\t\t\t\t\t\t<p>Wasser bedeutet Leben und Trinkwasser ist eine lebensnotwendige Ressource. Der verantwortungsvolle und vern\u00fcnftige Umgang mit den Wasservorr\u00e4ten der Erde wird immer wichtiger. Regenwassernutzungsanlagen unterst\u00fctzen den sparsamen Umgang mit dem kostbaren Gut Trinkwasser.<\/p><p>T\u00e4glich verbraucht jeder \u00d6sterreicher etwa 130 Liter Frischwasser. Fast die H\u00e4lfte davon wird f\u00fcr Anwendungen wie W\u00e4sche waschen, Toilettensp\u00fclung, Gartenbew\u00e4sserung, Putzwasser, etc. verwendet, bei denen Trinkwasserqualit\u00e4t nicht unbedingt notwendig ist.\u00a0<\/p><p>Die gr\u00f6\u00dfte Einsparm\u00f6glichkeiten im Haushalt ergeben sich bei der Toilettensp\u00fclung, wobei durch die Verwendung von Regenwasser zus\u00e4tzlich die Urinsteinbildung verhindert wird. Das weiche, kalkfreie Regenwasser verhindert das Verkalken von Waschmaschinen, hilft bis zu 50% an Waschmittel zu sparen, wodurch der chemische Eintrag ins Abwasser vermindert wird. Dar\u00fcber hinaus wird aufgrund der weichen Wasserqualit\u00e4t von Regenwasser kein Weichsp\u00fcler ben\u00f6tigt.<\/p>\t\t\t\t\t\t\t\t<\/div>\n\t\t\t\t<\/div>\n\t\t\t\t\t<\/div>\n\t\t<\/div>\n\t\t\t\t\t<\/div>\n\t\t<\/section>\n\t\t\t\t<section class=\"elementor-section elementor-top-section elementor-element elementor-element-da1f353 elementor-section-boxed elementor-section-height-default elementor-section-height-default\" data-id=\"da1f353\" data-element_type=\"section\">\n\t\t\t\t\t\t<div class=\"elementor-container elementor-column-gap-default\">\n\t\t\t\t\t<div class=\"elementor-column elementor-col-100 elementor-top-column elementor-element elementor-element-9db9275\" data-id=\"9db9275\" data-element_type=\"column\">\n\t\t\t<div class=\"elementor-widget-wrap elementor-element-populated\">\n\t\t\t\t\t\t<div class=\"elementor-element elementor-element-9dd9e8e elementor-widget elementor-widget-image\" data-id=\"9dd9e8e\" data-element_type=\"widget\" data-widget_type=\"image.default\">\n\t\t\t\t<div class=\"elementor-widget-container\">\n\t\t\t\t\t\t\t\t\t\t\t\t\t\t\t<img fetchpriority=\"high\" decoding=\"async\" width=\"650\" height=\"319\" src=\"https:\/\/aichinger-haustechnik.at\/wp-content\/uploads\/2020\/07\/aichinger_haustechnik_-_regenwassernutzung.png\" class=\"attachment-large size-large wp-image-515\" alt=\"\" \/>\t\t\t\t\t\t\t\t\t\t\t\t\t\t\t<\/div>\n\t\t\t\t<\/div>\n\t\t\t\t\t<\/div>\n\t\t<\/div>\n\t\t\t\t\t<\/div>\n\t\t<\/section>\n\t\t\t\t<section class=\"elementor-section elementor-top-section elementor-element elementor-element-2a08875 elementor-section-boxed elementor-section-height-default elementor-section-height-default\" data-id=\"2a08875\" data-element_type=\"section\">\n\t\t\t\t\t\t<div class=\"elementor-container elementor-column-gap-default\">\n\t\t\t\t\t<div class=\"elementor-column elementor-col-100 elementor-top-column elementor-element elementor-element-4733b8c\" data-id=\"4733b8c\" data-element_type=\"column\">\n\t\t\t<div class=\"elementor-widget-wrap elementor-element-populated\">\n\t\t\t\t\t\t<div class=\"elementor-element elementor-element-ec233db elementor-widget elementor-widget-spacer\" data-id=\"ec233db\" data-element_type=\"widget\" data-widget_type=\"spacer.default\">\n\t\t\t\t<div class=\"elementor-widget-container\">\n\t\t\t\t\t\t\t<div class=\"elementor-spacer\">\n\t\t\t<div class=\"elementor-spacer-inner\"><\/div>\n\t\t<\/div>\n\t\t\t\t\t\t<\/div>\n\t\t\t\t<\/div>\n\t\t\t\t\t<\/div>\n\t\t<\/div>\n\t\t\t\t\t<\/div>\n\t\t<\/section>\n\t\t\t\t<section class=\"elementor-section elementor-top-section elementor-element elementor-element-2e22d59 elementor-section-boxed elementor-section-height-default elementor-section-height-default\" data-id=\"2e22d59\" data-element_type=\"section\">\n\t\t\t\t\t\t<div class=\"elementor-container elementor-column-gap-default\">\n\t\t\t\t\t<div class=\"elementor-column elementor-col-100 elementor-top-column elementor-element elementor-element-2f1c86d\" data-id=\"2f1c86d\" data-element_type=\"column\">\n\t\t\t<div class=\"elementor-widget-wrap elementor-element-populated\">\n\t\t\t\t\t\t<div class=\"elementor-element elementor-element-96c33ee elementor-align-center elementor-widget elementor-widget-button\" data-id=\"96c33ee\" data-element_type=\"widget\" data-widget_type=\"button.default\">\n\t\t\t\t<div class=\"elementor-widget-container\">\n\t\t\t\t\t\t\t\t\t<div class=\"elementor-button-wrapper\">\n\t\t\t\t\t<a class=\"elementor-button elementor-button-link elementor-size-md\" href=\"https:\/\/www.aichinger-haustechnik.at\/index.php\/kontakt\">\n\t\t\t\t\t\t<span class=\"elementor-button-content-wrapper\">\n\t\t\t\t\t\t\t\t\t<span class=\"elementor-button-text\">Beraten lassen<\/span>\n\t\t\t\t\t<\/span>\n\t\t\t\t\t<\/a>\n\t\t\t\t<\/div>\n\t\t\t\t\t\t\t\t<\/div>\n\t\t\t\t<\/div>\n\t\t\t\t\t<\/div>\n\t\t<\/div>\n\t\t\t\t\t<\/div>\n\t\t<\/section>\n\t\t\t\t<section class=\"elementor-section elementor-top-section elementor-element elementor-element-853c5c4 elementor-section-boxed elementor-section-height-default elementor-section-height-default\" data-id=\"853c5c4\" data-element_type=\"section\">\n\t\t\t\t\t\t<div class=\"elementor-container elementor-column-gap-default\">\n\t\t\t\t\t<div class=\"elementor-column elementor-col-100 elementor-top-column elementor-element elementor-element-0e7a9e1\" data-id=\"0e7a9e1\" data-element_type=\"column\">\n\t\t\t<div class=\"elementor-widget-wrap elementor-element-populated\">\n\t\t\t\t\t\t<div class=\"elementor-element elementor-element-257ba75 elementor-widget elementor-widget-spacer\" data-id=\"257ba75\" data-element_type=\"widget\" data-widget_type=\"spacer.default\">\n\t\t\t\t<div class=\"elementor-widget-container\">\n\t\t\t\t\t\t\t<div class=\"elementor-spacer\">\n\t\t\t<div class=\"elementor-spacer-inner\"><\/div>\n\t\t<\/div>\n\t\t\t\t\t\t<\/div>\n\t\t\t\t<\/div>\n\t\t\t\t\t<\/div>\n\t\t<\/div>\n\t\t\t\t\t<\/div>\n\t\t<\/section>\n\t\t\t\t<\/div>\n\t\t","protected":false},"excerpt":{"rendered":"<p>REGENWASSERNUTZUNGWasser ist kostbar! REGENWASSERNUTZUNG Wir sind Ihr Spezialist f\u00fcr Regenwassernutzung in Sch\u00e4rding! Wasser bedeutet Leben und Trinkwasser ist eine lebensnotwendige Ressource. Der [&hellip;]<\/p>\n","protected":false},"author":2,"featured_media":0,"parent":0,"menu_order":0,"comment_status":"closed","ping_status":"closed","template":"elementor_header_footer","meta":{"footnotes":""},"class_list":["post-483","page","type-page","status-publish","hentry"],"yoast_head":"<!-- This site is optimized with the Yoast SEO Premium plugin v24.7 (Yoast SEO v24.7) - https:\/\/yoast.com\/wordpress\/plugins\/seo\/ -->\n<title>Regenwassernutzung Sch\u00e4rding | Aichinger Haustechnik | Kopfing<\/title>\n<meta name=\"description\" content=\"Wasser ist kostbar! Aichinger Haustechnik ist Ihr Installateur f\u00fcr Regenwassernutzung in Sch\u00e4rding!\" \/>\n<meta name=\"robots\" content=\"index, follow, max-snippet:-1, max-image-preview:large, max-video-preview:-1\" \/>\n<link rel=\"canonical\" href=\"https:\/\/aichinger-haustechnik.at\/index.php\/regenwasser\/\" \/>\n<meta property=\"og:locale\" content=\"de_DE\" \/>\n<meta property=\"og:type\" content=\"article\" \/>\n<meta property=\"og:title\" content=\"Regenwasser\" \/>\n<meta property=\"og:description\" content=\"Wasser ist kostbar! Aichinger Haustechnik ist Ihr Installateur f\u00fcr Regenwassernutzung in Sch\u00e4rding!\" \/>\n<meta property=\"og:url\" content=\"https:\/\/aichinger-haustechnik.at\/index.php\/regenwasser\/\" \/>\n<meta property=\"og:site_name\" content=\"Aichinger Haustechnik\" \/>\n<meta property=\"article:modified_time\" content=\"2022-05-05T14:44:32+00:00\" \/>\n<meta property=\"og:image\" content=\"https:\/\/aichinger-haustechnik.at\/wp-content\/uploads\/2020\/07\/aichinger_haustechnik_-_regenwassernutzung.png\" \/>\n<meta name=\"twitter:card\" content=\"summary_large_image\" \/>\n<meta name=\"twitter:label1\" content=\"Gesch\u00e4tzte Lesezeit\" \/>\n\t<meta name=\"twitter:data1\" content=\"1\u00a0Minute\" \/>\n<script type=\"application\/ld+json\" class=\"yoast-schema-graph\">{\"@context\":\"https:\/\/schema.org\",\"@graph\":[{\"@type\":\"WebPage\",\"@id\":\"https:\/\/aichinger-haustechnik.at\/index.php\/regenwasser\/\",\"url\":\"https:\/\/aichinger-haustechnik.at\/index.php\/regenwasser\/\",\"name\":\"Regenwassernutzung Sch\u00e4rding | Aichinger Haustechnik | Kopfing\",\"isPartOf\":{\"@id\":\"https:\/\/aichinger-haustechnik.at\/#website\"},\"primaryImageOfPage\":{\"@id\":\"https:\/\/aichinger-haustechnik.at\/index.php\/regenwasser\/#primaryimage\"},\"image\":{\"@id\":\"https:\/\/aichinger-haustechnik.at\/index.php\/regenwasser\/#primaryimage\"},\"thumbnailUrl\":\"https:\/\/aichinger-haustechnik.at\/wp-content\/uploads\/2020\/07\/aichinger_haustechnik_-_regenwassernutzung.png\",\"datePublished\":\"2020-07-13T14:27:51+00:00\",\"dateModified\":\"2022-05-05T14:44:32+00:00\",\"description\":\"Wasser ist kostbar! Aichinger Haustechnik ist Ihr Installateur f\u00fcr Regenwassernutzung in Sch\u00e4rding!\",\"breadcrumb\":{\"@id\":\"https:\/\/aichinger-haustechnik.at\/index.php\/regenwasser\/#breadcrumb\"},\"inLanguage\":\"de\",\"potentialAction\":[{\"@type\":\"ReadAction\",\"target\":[\"https:\/\/aichinger-haustechnik.at\/index.php\/regenwasser\/\"]}]},{\"@type\":\"ImageObject\",\"inLanguage\":\"de\",\"@id\":\"https:\/\/aichinger-haustechnik.at\/index.php\/regenwasser\/#primaryimage\",\"url\":\"https:\/\/aichinger-haustechnik.at\/wp-content\/uploads\/2020\/07\/aichinger_haustechnik_-_regenwassernutzung.png\",\"contentUrl\":\"https:\/\/aichinger-haustechnik.at\/wp-content\/uploads\/2020\/07\/aichinger_haustechnik_-_regenwassernutzung.png\",\"width\":650,\"height\":319},{\"@type\":\"BreadcrumbList\",\"@id\":\"https:\/\/aichinger-haustechnik.at\/index.php\/regenwasser\/#breadcrumb\",\"itemListElement\":[{\"@type\":\"ListItem\",\"position\":1,\"name\":\"Home\",\"item\":\"https:\/\/aichinger-haustechnik.at\/\"},{\"@type\":\"ListItem\",\"position\":2,\"name\":\"Regenwasser\"}]},{\"@type\":\"WebSite\",\"@id\":\"https:\/\/aichinger-haustechnik.at\/#website\",\"url\":\"https:\/\/aichinger-haustechnik.at\/\",\"name\":\"Aichinger Haustechnik\",\"description\":\"Installateur Kopfing im Innkreis\",\"potentialAction\":[{\"@type\":\"SearchAction\",\"target\":{\"@type\":\"EntryPoint\",\"urlTemplate\":\"https:\/\/aichinger-haustechnik.at\/?s={search_term_string}\"},\"query-input\":{\"@type\":\"PropertyValueSpecification\",\"valueRequired\":true,\"valueName\":\"search_term_string\"}}],\"inLanguage\":\"de\"}]}<\/script>\n<!-- \/ Yoast SEO Premium plugin. -->","yoast_head_json":{"title":"Regenwassernutzung Sch\u00e4rding | Aichinger Haustechnik | Kopfing","description":"Wasser ist kostbar! Aichinger Haustechnik ist Ihr Installateur f\u00fcr Regenwassernutzung in Sch\u00e4rding!","robots":{"index":"index","follow":"follow","max-snippet":"max-snippet:-1","max-image-preview":"max-image-preview:large","max-video-preview":"max-video-preview:-1"},"canonical":"https:\/\/aichinger-haustechnik.at\/index.php\/regenwasser\/","og_locale":"de_DE","og_type":"article","og_title":"Regenwasser","og_description":"Wasser ist kostbar! Aichinger Haustechnik ist Ihr Installateur f\u00fcr Regenwassernutzung in Sch\u00e4rding!","og_url":"https:\/\/aichinger-haustechnik.at\/index.php\/regenwasser\/","og_site_name":"Aichinger Haustechnik","article_modified_time":"2022-05-05T14:44:32+00:00","og_image":[{"url":"https:\/\/aichinger-haustechnik.at\/wp-content\/uploads\/2020\/07\/aichinger_haustechnik_-_regenwassernutzung.png","type":"","width":"","height":""}],"twitter_card":"summary_large_image","twitter_misc":{"Gesch\u00e4tzte Lesezeit":"1\u00a0Minute"},"schema":{"@context":"https:\/\/schema.org","@graph":[{"@type":"WebPage","@id":"https:\/\/aichinger-haustechnik.at\/index.php\/regenwasser\/","url":"https:\/\/aichinger-haustechnik.at\/index.php\/regenwasser\/","name":"Regenwassernutzung Sch\u00e4rding | Aichinger Haustechnik | Kopfing","isPartOf":{"@id":"https:\/\/aichinger-haustechnik.at\/#website"},"primaryImageOfPage":{"@id":"https:\/\/aichinger-haustechnik.at\/index.php\/regenwasser\/#primaryimage"},"image":{"@id":"https:\/\/aichinger-haustechnik.at\/index.php\/regenwasser\/#primaryimage"},"thumbnailUrl":"https:\/\/aichinger-haustechnik.at\/wp-content\/uploads\/2020\/07\/aichinger_haustechnik_-_regenwassernutzung.png","datePublished":"2020-07-13T14:27:51+00:00","dateModified":"2022-05-05T14:44:32+00:00","description":"Wasser ist kostbar! Aichinger Haustechnik ist Ihr Installateur f\u00fcr Regenwassernutzung in Sch\u00e4rding!","breadcrumb":{"@id":"https:\/\/aichinger-haustechnik.at\/index.php\/regenwasser\/#breadcrumb"},"inLanguage":"de","potentialAction":[{"@type":"ReadAction","target":["https:\/\/aichinger-haustechnik.at\/index.php\/regenwasser\/"]}]},{"@type":"ImageObject","inLanguage":"de","@id":"https:\/\/aichinger-haustechnik.at\/index.php\/regenwasser\/#primaryimage","url":"https:\/\/aichinger-haustechnik.at\/wp-content\/uploads\/2020\/07\/aichinger_haustechnik_-_regenwassernutzung.png","contentUrl":"https:\/\/aichinger-haustechnik.at\/wp-content\/uploads\/2020\/07\/aichinger_haustechnik_-_regenwassernutzung.png","width":650,"height":319},{"@type":"BreadcrumbList","@id":"https:\/\/aichinger-haustechnik.at\/index.php\/regenwasser\/#breadcrumb","itemListElement":[{"@type":"ListItem","position":1,"name":"Home","item":"https:\/\/aichinger-haustechnik.at\/"},{"@type":"ListItem","position":2,"name":"Regenwasser"}]},{"@type":"WebSite","@id":"https:\/\/aichinger-haustechnik.at\/#website","url":"https:\/\/aichinger-haustechnik.at\/","name":"Aichinger Haustechnik","description":"Installateur Kopfing im Innkreis","potentialAction":[{"@type":"SearchAction","target":{"@type":"EntryPoint","urlTemplate":"https:\/\/aichinger-haustechnik.at\/?s={search_term_string}"},"query-input":{"@type":"PropertyValueSpecification","valueRequired":true,"valueName":"search_term_string"}}],"inLanguage":"de"}]}},"_links":{"self":[{"href":"https:\/\/aichinger-haustechnik.at\/index.php\/wp-json\/wp\/v2\/pages\/483","targetHints":{"allow":["GET"]}}],"collection":[{"href":"https:\/\/aichinger-haustechnik.at\/index.php\/wp-json\/wp\/v2\/pages"}],"about":[{"href":"https:\/\/aichinger-haustechnik.at\/index.php\/wp-json\/wp\/v2\/types\/page"}],"author":[{"embeddable":true,"href":"https:\/\/aichinger-haustechnik.at\/index.php\/wp-json\/wp\/v2\/users\/2"}],"replies":[{"embeddable":true,"href":"https:\/\/aichinger-haustechnik.at\/index.php\/wp-json\/wp\/v2\/comments?post=483"}],"version-history":[{"count":27,"href":"https:\/\/aichinger-haustechnik.at\/index.php\/wp-json\/wp\/v2\/pages\/483\/revisions"}],"predecessor-version":[{"id":1503,"href":"https:\/\/aichinger-haustechnik.at\/index.php\/wp-json\/wp\/v2\/pages\/483\/revisions\/1503"}],"wp:attachment":[{"href":"https:\/\/aichinger-haustechnik.at\/index.php\/wp-json\/wp\/v2\/media?parent=483"}],"curies":[{"name":"wp","href":"https:\/\/api.w.org\/{rel}","templated":true}]}}