{"id":803,"date":"2020-10-02T07:08:54","date_gmt":"2020-10-02T07:08:54","guid":{"rendered":"https:\/\/aichinger-haustechnik.at\/?page_id=803"},"modified":"2025-02-17T09:24:36","modified_gmt":"2025-02-17T09:24:36","slug":"solaranlagen","status":"publish","type":"page","link":"https:\/\/aichinger-haustechnik.at\/index.php\/solaranlagen\/","title":{"rendered":"Solar"},"content":{"rendered":"\t\t<div data-elementor-type=\"wp-page\" data-elementor-id=\"803\" class=\"elementor elementor-803\" data-elementor-post-type=\"page\">\n\t\t\t\t\t\t<section class=\"elementor-section elementor-top-section elementor-element elementor-element-7ed1cc8 elementor-section-stretched elementor-section-full_width elementor-section-height-min-height elementor-section-items-stretch elementor-section-height-default\" data-id=\"7ed1cc8\" data-element_type=\"section\" data-settings=\"{&quot;stretch_section&quot;:&quot;section-stretched&quot;}\">\n\t\t\t\t\t\t<div class=\"elementor-container elementor-column-gap-no\">\n\t\t\t\t\t<div class=\"elementor-column elementor-col-100 elementor-top-column elementor-element elementor-element-bf936ae\" data-id=\"bf936ae\" data-element_type=\"column\">\n\t\t\t<div class=\"elementor-widget-wrap elementor-element-populated\">\n\t\t\t\t\t\t<div class=\"elementor-element elementor-element-f76bd26 elementor--h-position-center elementor--v-position-middle elementor-arrows-position-inside elementor-pagination-position-inside elementor-widget elementor-widget-slides\" data-id=\"f76bd26\" data-element_type=\"widget\" data-settings=\"{&quot;navigation&quot;:&quot;both&quot;,&quot;autoplay&quot;:&quot;yes&quot;,&quot;pause_on_hover&quot;:&quot;yes&quot;,&quot;pause_on_interaction&quot;:&quot;yes&quot;,&quot;autoplay_speed&quot;:5000,&quot;infinite&quot;:&quot;yes&quot;,&quot;transition&quot;:&quot;slide&quot;,&quot;transition_speed&quot;:500}\" data-widget_type=\"slides.default\">\n\t\t\t\t<div class=\"elementor-widget-container\">\n\t\t\t\t\t\t\t\t\t<div class=\"elementor-swiper\">\n\t\t\t\t\t<div class=\"elementor-slides-wrapper elementor-main-swiper swiper\" role=\"region\" aria-roledescription=\"carousel\" aria-label=\"Slider\" dir=\"ltr\" data-animation=\"fadeInUp\">\n\t\t\t\t<div class=\"swiper-wrapper elementor-slides\">\n\t\t\t\t\t\t\t\t\t\t<div class=\"elementor-repeater-item-b1c195f swiper-slide\" role=\"group\" aria-roledescription=\"slide\"><div class=\"swiper-slide-bg elementor-ken-burns elementor-ken-burns--in\" role=\"img\"><\/div><div class=\"elementor-background-overlay\"><\/div><div class=\"swiper-slide-inner\" ><div class=\"swiper-slide-contents\"><div class=\"elementor-slide-heading\">SOLAR<\/div><div class=\"elementor-slide-description\">Sonnenenergie zur W\u00e4rmeerzeugung nutzen.<\/div><\/div><\/div><\/div>\t\t\t\t<\/div>\n\t\t\t\t\t\t\t<\/div>\n\t\t\t\t<\/div>\n\t\t\t\t\t\t\t\t<\/div>\n\t\t\t\t<\/div>\n\t\t\t\t\t<\/div>\n\t\t<\/div>\n\t\t\t\t\t<\/div>\n\t\t<\/section>\n\t\t\t\t<section class=\"elementor-section elementor-top-section elementor-element elementor-element-ef35e60 elementor-section-boxed elementor-section-height-default elementor-section-height-default\" data-id=\"ef35e60\" data-element_type=\"section\">\n\t\t\t\t\t\t<div class=\"elementor-container elementor-column-gap-default\">\n\t\t\t\t\t<div class=\"elementor-column elementor-col-100 elementor-top-column elementor-element elementor-element-27f3ab0\" data-id=\"27f3ab0\" data-element_type=\"column\">\n\t\t\t<div class=\"elementor-widget-wrap elementor-element-populated\">\n\t\t\t\t\t\t<div class=\"elementor-element elementor-element-abcf4cc elementor-widget elementor-widget-spacer\" data-id=\"abcf4cc\" data-element_type=\"widget\" data-widget_type=\"spacer.default\">\n\t\t\t\t<div class=\"elementor-widget-container\">\n\t\t\t\t\t\t\t<div class=\"elementor-spacer\">\n\t\t\t<div class=\"elementor-spacer-inner\"><\/div>\n\t\t<\/div>\n\t\t\t\t\t\t<\/div>\n\t\t\t\t<\/div>\n\t\t\t\t\t<\/div>\n\t\t<\/div>\n\t\t\t\t\t<\/div>\n\t\t<\/section>\n\t\t\t\t<section class=\"elementor-section elementor-top-section elementor-element elementor-element-75a2fd4 elementor-section-boxed elementor-section-height-default elementor-section-height-default\" data-id=\"75a2fd4\" data-element_type=\"section\">\n\t\t\t\t\t\t<div class=\"elementor-container elementor-column-gap-default\">\n\t\t\t\t\t<div class=\"elementor-column elementor-col-100 elementor-top-column elementor-element elementor-element-04f2883\" data-id=\"04f2883\" data-element_type=\"column\">\n\t\t\t<div class=\"elementor-widget-wrap elementor-element-populated\">\n\t\t\t\t\t\t<div class=\"elementor-element elementor-element-0c27f0f elementor-widget elementor-widget-text-editor\" data-id=\"0c27f0f\" data-element_type=\"widget\" data-widget_type=\"text-editor.default\">\n\t\t\t\t<div class=\"elementor-widget-container\">\n\t\t\t\t\t\t\t\t\t<p style=\"text-align: center;\">Wir sind Ihr Ansprechpartner f\u00fcr die Installation von Solaranlagen in Sch\u00e4rding!<\/p>\t\t\t\t\t\t\t\t<\/div>\n\t\t\t\t<\/div>\n\t\t\t\t\t<\/div>\n\t\t<\/div>\n\t\t\t\t\t<\/div>\n\t\t<\/section>\n\t\t\t\t<section class=\"elementor-section elementor-top-section elementor-element elementor-element-1043c73 elementor-section-boxed elementor-section-height-default elementor-section-height-default\" data-id=\"1043c73\" data-element_type=\"section\">\n\t\t\t\t\t\t<div class=\"elementor-container elementor-column-gap-default\">\n\t\t\t\t\t<div class=\"elementor-column elementor-col-100 elementor-top-column elementor-element elementor-element-8235b69\" data-id=\"8235b69\" data-element_type=\"column\">\n\t\t\t<div class=\"elementor-widget-wrap elementor-element-populated\">\n\t\t\t\t\t\t<div class=\"elementor-element elementor-element-1ff78d1 elementor-widget elementor-widget-heading\" data-id=\"1ff78d1\" data-element_type=\"widget\" data-widget_type=\"heading.default\">\n\t\t\t\t<div class=\"elementor-widget-container\">\n\t\t\t\t\t<h1 class=\"elementor-heading-title elementor-size-default\">SOLARANLAGE<\/h1>\t\t\t\t<\/div>\n\t\t\t\t<\/div>\n\t\t\t\t\t<\/div>\n\t\t<\/div>\n\t\t\t\t\t<\/div>\n\t\t<\/section>\n\t\t\t\t<section class=\"elementor-section elementor-top-section elementor-element elementor-element-3c421b4 elementor-section-boxed elementor-section-height-default elementor-section-height-default\" data-id=\"3c421b4\" data-element_type=\"section\">\n\t\t\t\t\t\t<div class=\"elementor-container elementor-column-gap-default\">\n\t\t\t\t\t<div class=\"elementor-column elementor-col-100 elementor-top-column elementor-element elementor-element-8cb1e05\" data-id=\"8cb1e05\" data-element_type=\"column\">\n\t\t\t<div class=\"elementor-widget-wrap elementor-element-populated\">\n\t\t\t\t\t\t<div class=\"elementor-element elementor-element-af46de3 elementor-widget elementor-widget-text-editor\" data-id=\"af46de3\" data-element_type=\"widget\" data-widget_type=\"text-editor.default\">\n\t\t\t\t<div class=\"elementor-widget-container\">\n\t\t\t\t\t\t\t\t\t<p style=\"text-align: center;\">Mit Hilfe der Sonnenergie kann Warmwasser ganz einfach bereitgestellt werden. Mit den Vaillant Systemkomponenten zu optimalen Ertr\u00e4gen und hohem Warmwasserkomfort.<\/p>\t\t\t\t\t\t\t\t<\/div>\n\t\t\t\t<\/div>\n\t\t\t\t\t<\/div>\n\t\t<\/div>\n\t\t\t\t\t<\/div>\n\t\t<\/section>\n\t\t\t\t<section class=\"elementor-section elementor-top-section elementor-element elementor-element-cab55e4 elementor-section-boxed elementor-section-height-default elementor-section-height-default\" data-id=\"cab55e4\" data-element_type=\"section\">\n\t\t\t\t\t\t<div class=\"elementor-container elementor-column-gap-default\">\n\t\t\t\t\t<div class=\"elementor-column elementor-col-66 elementor-top-column elementor-element elementor-element-f86ce59\" data-id=\"f86ce59\" data-element_type=\"column\">\n\t\t\t<div class=\"elementor-widget-wrap elementor-element-populated\">\n\t\t\t\t\t\t<div class=\"elementor-element elementor-element-f203c97 elementor-widget elementor-widget-text-editor\" data-id=\"f203c97\" data-element_type=\"widget\" data-widget_type=\"text-editor.default\">\n\t\t\t\t<div class=\"elementor-widget-container\">\n\t\t\t\t\t\t\t\t\t<h2>Clee, der Energiemanager f\u00fcr Photovoltaik, Solar und Heizung<\/h2>\n<h3>Solar Flachkollektoren mit prismiertem Strukturglas<\/h3>\n&nbsp;\n\nDas smarte Energiemanagement von KWB optimiert die Energiefl\u00fcsse in Ihrem Haushalt\nso, dass Sie W\u00e4rme und Strom mit gutem Gewissen nutzen k\u00f6nnen. Die intelligente\nSoftware sorgt f\u00fcr eine maximale Nutzung der kostenlosen Sonnenenergie, optimiert den\nEigenverbrauch von selbst erzeugtem Solarstrom, reduziert den Stromverbrauch aus\nexternen Quellen und erm\u00f6glicht es, \u00fcbersch\u00fcssige Energie zu speichern. So wird Ihr\nZuhause energieunabh\u00e4ngig und sicher. Die nahtlose Integration der Solar-\n\/Photovoltaikanlage sorgt f\u00fcr eine effiziente Nutzung erneuerbarer Energie. Der\nEnergiemanager koordiniert alle Energiequellen und -verbraucher, um den Betrieb zu\nmaximieren und die Energieeffizienz zu steigern.\n\t\t\t\t\t\t\t\t<\/div>\n\t\t\t\t<\/div>\n\t\t\t\t\t<\/div>\n\t\t<\/div>\n\t\t\t\t<div class=\"elementor-column elementor-col-33 elementor-top-column elementor-element elementor-element-6a7836b\" data-id=\"6a7836b\" data-element_type=\"column\">\n\t\t\t<div class=\"elementor-widget-wrap elementor-element-populated\">\n\t\t\t\t\t\t<div class=\"elementor-element elementor-element-8fe2985 elementor-widget elementor-widget-image\" data-id=\"8fe2985\" data-element_type=\"widget\" data-widget_type=\"image.default\">\n\t\t\t\t<div class=\"elementor-widget-container\">\n\t\t\t\t\t\t\t\t\t\t\t\t\t\t\t<img decoding=\"async\" src=\"https:\/\/aichinger-haustechnik.at\/wp-content\/uploads\/elementor\/thumbs\/Umstrukturierung-Website-7-r1msijwjoa1xmjnjpa3yk6blw7a6vrvmlf8kyqzzeo.png\" title=\"Umstrukturierung Website-7\" alt=\"Umstrukturierung Website-7\" class=\"elementor-animation-grow\" loading=\"lazy\" \/>\t\t\t\t\t\t\t\t\t\t\t\t\t\t\t<\/div>\n\t\t\t\t<\/div>\n\t\t\t\t\t<\/div>\n\t\t<\/div>\n\t\t\t\t\t<\/div>\n\t\t<\/section>\n\t\t\t\t<section class=\"elementor-section elementor-top-section elementor-element elementor-element-174f2bf elementor-section-boxed elementor-section-height-default elementor-section-height-default\" data-id=\"174f2bf\" data-element_type=\"section\">\n\t\t\t\t\t\t<div class=\"elementor-container elementor-column-gap-default\">\n\t\t\t\t\t<div class=\"elementor-column elementor-col-66 elementor-top-column elementor-element elementor-element-be9f02d\" data-id=\"be9f02d\" data-element_type=\"column\">\n\t\t\t<div class=\"elementor-widget-wrap elementor-element-populated\">\n\t\t\t\t\t\t<div class=\"elementor-element elementor-element-9f9aca6 elementor-widget elementor-widget-text-editor\" data-id=\"9f9aca6\" data-element_type=\"widget\" data-widget_type=\"text-editor.default\">\n\t\t\t\t<div class=\"elementor-widget-container\">\n\t\t\t\t\t\t\t\t\t<h2>auroTHERM VFK<\/h2><h3>Solar Flachkollektoren mit prismiertem Strukturglas<\/h3><p>Beim auroTHERM VFK erfolgt die Solarnutzung durch das Strukturglas, das 91% der Sonnenstrahlen durchl\u00e4sst. Es \u00fcberzeugt durch eine attraktive Optik, einem hochwertigen Design und hoher Produktqualit\u00e4t made in Germany. Die kostenlose Umweltw\u00e4rme deckt rund 60% der Energie f\u00fcr Warmwasserbereitung und 20% der Heizenergie.<\/p>\t\t\t\t\t\t\t\t<\/div>\n\t\t\t\t<\/div>\n\t\t\t\t\t<\/div>\n\t\t<\/div>\n\t\t\t\t<div class=\"elementor-column elementor-col-33 elementor-top-column elementor-element elementor-element-875ac74\" data-id=\"875ac74\" data-element_type=\"column\">\n\t\t\t<div class=\"elementor-widget-wrap elementor-element-populated\">\n\t\t\t\t\t\t<div class=\"elementor-element elementor-element-8ad9292 elementor-widget elementor-widget-image\" data-id=\"8ad9292\" data-element_type=\"widget\" data-widget_type=\"image.default\">\n\t\t\t\t<div class=\"elementor-widget-container\">\n\t\t\t\t\t\t\t\t\t\t\t\t\t\t\t<img decoding=\"async\" src=\"https:\/\/aichinger-haustechnik.at\/wp-content\/uploads\/elementor\/thumbs\/auroTherm-VFK-qoyg9uks4x6761evv5nfn4cgacxpnik70itdgyfvnk.png\" title=\"auroTherm VFK Vaillant\" alt=\"auroTherm VFK Vaillant\" class=\"elementor-animation-grow\" loading=\"lazy\" \/>\t\t\t\t\t\t\t\t\t\t\t\t\t\t\t<\/div>\n\t\t\t\t<\/div>\n\t\t\t\t\t<\/div>\n\t\t<\/div>\n\t\t\t\t\t<\/div>\n\t\t<\/section>\n\t\t\t\t<section class=\"elementor-section elementor-top-section elementor-element elementor-element-853c5c4 elementor-section-boxed elementor-section-height-default elementor-section-height-default\" data-id=\"853c5c4\" data-element_type=\"section\">\n\t\t\t\t\t\t<div class=\"elementor-container elementor-column-gap-default\">\n\t\t\t\t\t<div class=\"elementor-column elementor-col-100 elementor-top-column elementor-element elementor-element-0e7a9e1\" data-id=\"0e7a9e1\" data-element_type=\"column\">\n\t\t\t<div class=\"elementor-widget-wrap elementor-element-populated\">\n\t\t\t\t\t\t<div class=\"elementor-element elementor-element-257ba75 elementor-widget elementor-widget-spacer\" data-id=\"257ba75\" data-element_type=\"widget\" data-widget_type=\"spacer.default\">\n\t\t\t\t<div class=\"elementor-widget-container\">\n\t\t\t\t\t\t\t<div class=\"elementor-spacer\">\n\t\t\t<div class=\"elementor-spacer-inner\"><\/div>\n\t\t<\/div>\n\t\t\t\t\t\t<\/div>\n\t\t\t\t<\/div>\n\t\t\t\t\t<\/div>\n\t\t<\/div>\n\t\t\t\t\t<\/div>\n\t\t<\/section>\n\t\t\t\t<section class=\"elementor-section elementor-top-section elementor-element elementor-element-c27199a elementor-section-boxed elementor-section-height-default elementor-section-height-default\" data-id=\"c27199a\" data-element_type=\"section\">\n\t\t\t\t\t\t<div class=\"elementor-container elementor-column-gap-default\">\n\t\t\t\t\t<div class=\"elementor-column elementor-col-66 elementor-top-column elementor-element elementor-element-10b19f0\" data-id=\"10b19f0\" data-element_type=\"column\">\n\t\t\t<div class=\"elementor-widget-wrap elementor-element-populated\">\n\t\t\t\t\t\t<div class=\"elementor-element elementor-element-d7f2ce0 elementor-widget elementor-widget-text-editor\" data-id=\"d7f2ce0\" data-element_type=\"widget\" data-widget_type=\"text-editor.default\">\n\t\t\t\t<div class=\"elementor-widget-container\">\n\t\t\t\t\t\t\t\t\t<h2>auroTHERM plus VFK<\/h2><h3>Solar-Flachkolletoren mit transparenten Antireflexglass<\/h3><p>Die Flachkolletoren erzielen hohe Wirkungsgrade durch das Antireflexglas, das 96% der Sonnenstrahlen durchl\u00e4sst. Solarnutzung ohne W\u00e4rmeverlust dank der R\u00fcckseiten- und Seitenw\u00e4rmed\u00e4mmung. Die kostenlose Umweltw\u00e4rme deckt rund 60% der Energie f\u00fcr Warmwasserbereitung und 20% der Heizenergie.<\/p>\t\t\t\t\t\t\t\t<\/div>\n\t\t\t\t<\/div>\n\t\t\t\t\t<\/div>\n\t\t<\/div>\n\t\t\t\t<div class=\"elementor-column elementor-col-33 elementor-top-column elementor-element elementor-element-2a159dd\" data-id=\"2a159dd\" data-element_type=\"column\">\n\t\t\t<div class=\"elementor-widget-wrap elementor-element-populated\">\n\t\t\t\t\t\t<div class=\"elementor-element elementor-element-cdaf1a6 elementor-widget elementor-widget-image\" data-id=\"cdaf1a6\" data-element_type=\"widget\" data-widget_type=\"image.default\">\n\t\t\t\t<div class=\"elementor-widget-container\">\n\t\t\t\t\t\t\t\t\t\t\t\t\t\t\t<img decoding=\"async\" src=\"https:\/\/aichinger-haustechnik.at\/wp-content\/uploads\/elementor\/thumbs\/auroTherm-plus-VFK-qoyg9uks4x6njbabc0legt0glfp2o8553b7n3bnu9s.png\" title=\"auroTherm plus VFK vaillant\" alt=\"auroTherm plus VFK vaillant\" class=\"elementor-animation-grow\" loading=\"lazy\" \/>\t\t\t\t\t\t\t\t\t\t\t\t\t\t\t<\/div>\n\t\t\t\t<\/div>\n\t\t\t\t\t<\/div>\n\t\t<\/div>\n\t\t\t\t\t<\/div>\n\t\t<\/section>\n\t\t\t\t<section class=\"elementor-section elementor-top-section elementor-element elementor-element-028fe5a elementor-section-boxed elementor-section-height-default elementor-section-height-default\" data-id=\"028fe5a\" data-element_type=\"section\">\n\t\t\t\t\t\t<div class=\"elementor-container elementor-column-gap-default\">\n\t\t\t\t\t<div class=\"elementor-column elementor-col-100 elementor-top-column elementor-element elementor-element-a9fb794\" data-id=\"a9fb794\" data-element_type=\"column\">\n\t\t\t<div class=\"elementor-widget-wrap elementor-element-populated\">\n\t\t\t\t\t\t<div class=\"elementor-element elementor-element-ce7224c elementor-widget elementor-widget-text-editor\" data-id=\"ce7224c\" data-element_type=\"widget\" data-widget_type=\"text-editor.default\">\n\t\t\t\t<div class=\"elementor-widget-container\">\n\t\t\t\t\t\t\t\t\t<p style=\"text-align: center;\">Sonnenenergie zur Stormerzeugung nutzen.<\/p>\t\t\t\t\t\t\t\t<\/div>\n\t\t\t\t<\/div>\n\t\t\t\t<div class=\"elementor-element elementor-element-05b0b1f elementor-align-center elementor-widget elementor-widget-button\" data-id=\"05b0b1f\" data-element_type=\"widget\" data-widget_type=\"button.default\">\n\t\t\t\t<div class=\"elementor-widget-container\">\n\t\t\t\t\t\t\t\t\t<div class=\"elementor-button-wrapper\">\n\t\t\t\t\t<a class=\"elementor-button elementor-button-link elementor-size-md elementor-animation-grow\" href=\"https:\/\/www.aichinger-haustechnik.at\/index.php\/photovoltaik\">\n\t\t\t\t\t\t<span class=\"elementor-button-content-wrapper\">\n\t\t\t\t\t\t\t\t\t<span class=\"elementor-button-text\">Photovoltaik<\/span>\n\t\t\t\t\t<\/span>\n\t\t\t\t\t<\/a>\n\t\t\t\t<\/div>\n\t\t\t\t\t\t\t\t<\/div>\n\t\t\t\t<\/div>\n\t\t\t\t\t<\/div>\n\t\t<\/div>\n\t\t\t\t\t<\/div>\n\t\t<\/section>\n\t\t\t\t<section class=\"elementor-section elementor-top-section elementor-element elementor-element-09b7424 elementor-section-boxed elementor-section-height-default elementor-section-height-default\" data-id=\"09b7424\" data-element_type=\"section\">\n\t\t\t\t\t\t<div class=\"elementor-container elementor-column-gap-default\">\n\t\t\t\t\t<div class=\"elementor-column elementor-col-100 elementor-top-column elementor-element elementor-element-f38b11a\" data-id=\"f38b11a\" data-element_type=\"column\">\n\t\t\t<div class=\"elementor-widget-wrap\">\n\t\t\t\t\t\t\t<\/div>\n\t\t<\/div>\n\t\t\t\t\t<\/div>\n\t\t<\/section>\n\t\t\t\t<\/div>\n\t\t","protected":false},"excerpt":{"rendered":"<p>SOLARSonnenenergie zur W\u00e4rmeerzeugung nutzen. Wir sind Ihr Ansprechpartner f\u00fcr die Installation von Solaranlagen in Sch\u00e4rding! SOLARANLAGE Mit Hilfe der Sonnenergie kann Warmwasser [&hellip;]<\/p>\n","protected":false},"author":2,"featured_media":0,"parent":0,"menu_order":0,"comment_status":"closed","ping_status":"closed","template":"elementor_header_footer","meta":{"footnotes":""},"class_list":["post-803","page","type-page","status-publish","hentry"],"yoast_head":"<!-- This site is optimized with the Yoast SEO Premium plugin v24.7 (Yoast SEO v24.7) - https:\/\/yoast.com\/wordpress\/plugins\/seo\/ -->\n<title>Solaranlagen &amp; Solarkollektoren in Ober\u00f6sterreich | Aichinger Haustechnik<\/title>\n<meta name=\"description\" content=\"Nutzen Sie jetzt mithilfe von Photovoltaik die Kraft der Sonne! Wir sind Ihr Spezialist f\u00fcr Solaranlagen und -kollektoren in Ober\u00f6sterreich.\" \/>\n<meta name=\"robots\" content=\"index, follow, max-snippet:-1, max-image-preview:large, max-video-preview:-1\" \/>\n<link rel=\"canonical\" href=\"https:\/\/aichinger-haustechnik.at\/index.php\/solaranlagen\/\" \/>\n<meta property=\"og:locale\" content=\"de_DE\" \/>\n<meta property=\"og:type\" content=\"article\" \/>\n<meta property=\"og:title\" content=\"Solar\" \/>\n<meta property=\"og:description\" content=\"Nutzen Sie jetzt mithilfe von Photovoltaik die Kraft der Sonne! Wir sind Ihr Spezialist f\u00fcr Solaranlagen und -kollektoren in Ober\u00f6sterreich.\" \/>\n<meta property=\"og:url\" content=\"https:\/\/aichinger-haustechnik.at\/index.php\/solaranlagen\/\" \/>\n<meta property=\"og:site_name\" content=\"Aichinger Haustechnik\" \/>\n<meta property=\"article:modified_time\" content=\"2025-02-17T09:24:36+00:00\" \/>\n<meta property=\"og:image\" content=\"https:\/\/aichinger-haustechnik.at\/wp-content\/uploads\/elementor\/thumbs\/Umstrukturierung-Website-7-r1msijwjoa1xmjnjpa3yk6blw7a6vrvmlf8kyqzzeo.png\" \/>\n<meta name=\"twitter:card\" content=\"summary_large_image\" \/>\n<meta name=\"twitter:label1\" content=\"Gesch\u00e4tzte Lesezeit\" \/>\n\t<meta name=\"twitter:data1\" content=\"2\u00a0Minuten\" \/>\n<script type=\"application\/ld+json\" class=\"yoast-schema-graph\">{\"@context\":\"https:\/\/schema.org\",\"@graph\":[{\"@type\":\"WebPage\",\"@id\":\"https:\/\/aichinger-haustechnik.at\/index.php\/solaranlagen\/\",\"url\":\"https:\/\/aichinger-haustechnik.at\/index.php\/solaranlagen\/\",\"name\":\"Solaranlagen & Solarkollektoren in Ober\u00f6sterreich | Aichinger Haustechnik\",\"isPartOf\":{\"@id\":\"https:\/\/aichinger-haustechnik.at\/#website\"},\"primaryImageOfPage\":{\"@id\":\"https:\/\/aichinger-haustechnik.at\/index.php\/solaranlagen\/#primaryimage\"},\"image\":{\"@id\":\"https:\/\/aichinger-haustechnik.at\/index.php\/solaranlagen\/#primaryimage\"},\"thumbnailUrl\":\"https:\/\/aichinger-haustechnik.at\/wp-content\/uploads\/elementor\/thumbs\/Umstrukturierung-Website-7-r1msijwjoa1xmjnjpa3yk6blw7a6vrvmlf8kyqzzeo.png\",\"datePublished\":\"2020-10-02T07:08:54+00:00\",\"dateModified\":\"2025-02-17T09:24:36+00:00\",\"description\":\"Nutzen Sie jetzt mithilfe von Photovoltaik die Kraft der Sonne! Wir sind Ihr Spezialist f\u00fcr Solaranlagen und -kollektoren in Ober\u00f6sterreich.\",\"breadcrumb\":{\"@id\":\"https:\/\/aichinger-haustechnik.at\/index.php\/solaranlagen\/#breadcrumb\"},\"inLanguage\":\"de\",\"potentialAction\":[{\"@type\":\"ReadAction\",\"target\":[\"https:\/\/aichinger-haustechnik.at\/index.php\/solaranlagen\/\"]}]},{\"@type\":\"ImageObject\",\"inLanguage\":\"de\",\"@id\":\"https:\/\/aichinger-haustechnik.at\/index.php\/solaranlagen\/#primaryimage\",\"url\":\"https:\/\/aichinger-haustechnik.at\/wp-content\/uploads\/elementor\/thumbs\/Umstrukturierung-Website-7-r1msijwjoa1xmjnjpa3yk6blw7a6vrvmlf8kyqzzeo.png\",\"contentUrl\":\"https:\/\/aichinger-haustechnik.at\/wp-content\/uploads\/elementor\/thumbs\/Umstrukturierung-Website-7-r1msijwjoa1xmjnjpa3yk6blw7a6vrvmlf8kyqzzeo.png\"},{\"@type\":\"BreadcrumbList\",\"@id\":\"https:\/\/aichinger-haustechnik.at\/index.php\/solaranlagen\/#breadcrumb\",\"itemListElement\":[{\"@type\":\"ListItem\",\"position\":1,\"name\":\"Home\",\"item\":\"https:\/\/aichinger-haustechnik.at\/\"},{\"@type\":\"ListItem\",\"position\":2,\"name\":\"Solar\"}]},{\"@type\":\"WebSite\",\"@id\":\"https:\/\/aichinger-haustechnik.at\/#website\",\"url\":\"https:\/\/aichinger-haustechnik.at\/\",\"name\":\"Aichinger Haustechnik\",\"description\":\"Installateur Kopfing im Innkreis\",\"potentialAction\":[{\"@type\":\"SearchAction\",\"target\":{\"@type\":\"EntryPoint\",\"urlTemplate\":\"https:\/\/aichinger-haustechnik.at\/?s={search_term_string}\"},\"query-input\":{\"@type\":\"PropertyValueSpecification\",\"valueRequired\":true,\"valueName\":\"search_term_string\"}}],\"inLanguage\":\"de\"}]}<\/script>\n<!-- \/ Yoast SEO Premium plugin. -->","yoast_head_json":{"title":"Solaranlagen & Solarkollektoren in Ober\u00f6sterreich | Aichinger Haustechnik","description":"Nutzen Sie jetzt mithilfe von Photovoltaik die Kraft der Sonne! Wir sind Ihr Spezialist f\u00fcr Solaranlagen und -kollektoren in Ober\u00f6sterreich.","robots":{"index":"index","follow":"follow","max-snippet":"max-snippet:-1","max-image-preview":"max-image-preview:large","max-video-preview":"max-video-preview:-1"},"canonical":"https:\/\/aichinger-haustechnik.at\/index.php\/solaranlagen\/","og_locale":"de_DE","og_type":"article","og_title":"Solar","og_description":"Nutzen Sie jetzt mithilfe von Photovoltaik die Kraft der Sonne! Wir sind Ihr Spezialist f\u00fcr Solaranlagen und -kollektoren in Ober\u00f6sterreich.","og_url":"https:\/\/aichinger-haustechnik.at\/index.php\/solaranlagen\/","og_site_name":"Aichinger Haustechnik","article_modified_time":"2025-02-17T09:24:36+00:00","og_image":[{"url":"https:\/\/aichinger-haustechnik.at\/wp-content\/uploads\/elementor\/thumbs\/Umstrukturierung-Website-7-r1msijwjoa1xmjnjpa3yk6blw7a6vrvmlf8kyqzzeo.png","type":"","width":"","height":""}],"twitter_card":"summary_large_image","twitter_misc":{"Gesch\u00e4tzte Lesezeit":"2\u00a0Minuten"},"schema":{"@context":"https:\/\/schema.org","@graph":[{"@type":"WebPage","@id":"https:\/\/aichinger-haustechnik.at\/index.php\/solaranlagen\/","url":"https:\/\/aichinger-haustechnik.at\/index.php\/solaranlagen\/","name":"Solaranlagen & Solarkollektoren in Ober\u00f6sterreich | Aichinger Haustechnik","isPartOf":{"@id":"https:\/\/aichinger-haustechnik.at\/#website"},"primaryImageOfPage":{"@id":"https:\/\/aichinger-haustechnik.at\/index.php\/solaranlagen\/#primaryimage"},"image":{"@id":"https:\/\/aichinger-haustechnik.at\/index.php\/solaranlagen\/#primaryimage"},"thumbnailUrl":"https:\/\/aichinger-haustechnik.at\/wp-content\/uploads\/elementor\/thumbs\/Umstrukturierung-Website-7-r1msijwjoa1xmjnjpa3yk6blw7a6vrvmlf8kyqzzeo.png","datePublished":"2020-10-02T07:08:54+00:00","dateModified":"2025-02-17T09:24:36+00:00","description":"Nutzen Sie jetzt mithilfe von Photovoltaik die Kraft der Sonne! Wir sind Ihr Spezialist f\u00fcr Solaranlagen und -kollektoren in Ober\u00f6sterreich.","breadcrumb":{"@id":"https:\/\/aichinger-haustechnik.at\/index.php\/solaranlagen\/#breadcrumb"},"inLanguage":"de","potentialAction":[{"@type":"ReadAction","target":["https:\/\/aichinger-haustechnik.at\/index.php\/solaranlagen\/"]}]},{"@type":"ImageObject","inLanguage":"de","@id":"https:\/\/aichinger-haustechnik.at\/index.php\/solaranlagen\/#primaryimage","url":"https:\/\/aichinger-haustechnik.at\/wp-content\/uploads\/elementor\/thumbs\/Umstrukturierung-Website-7-r1msijwjoa1xmjnjpa3yk6blw7a6vrvmlf8kyqzzeo.png","contentUrl":"https:\/\/aichinger-haustechnik.at\/wp-content\/uploads\/elementor\/thumbs\/Umstrukturierung-Website-7-r1msijwjoa1xmjnjpa3yk6blw7a6vrvmlf8kyqzzeo.png"},{"@type":"BreadcrumbList","@id":"https:\/\/aichinger-haustechnik.at\/index.php\/solaranlagen\/#breadcrumb","itemListElement":[{"@type":"ListItem","position":1,"name":"Home","item":"https:\/\/aichinger-haustechnik.at\/"},{"@type":"ListItem","position":2,"name":"Solar"}]},{"@type":"WebSite","@id":"https:\/\/aichinger-haustechnik.at\/#website","url":"https:\/\/aichinger-haustechnik.at\/","name":"Aichinger Haustechnik","description":"Installateur Kopfing im Innkreis","potentialAction":[{"@type":"SearchAction","target":{"@type":"EntryPoint","urlTemplate":"https:\/\/aichinger-haustechnik.at\/?s={search_term_string}"},"query-input":{"@type":"PropertyValueSpecification","valueRequired":true,"valueName":"search_term_string"}}],"inLanguage":"de"}]}},"_links":{"self":[{"href":"https:\/\/aichinger-haustechnik.at\/index.php\/wp-json\/wp\/v2\/pages\/803","targetHints":{"allow":["GET"]}}],"collection":[{"href":"https:\/\/aichinger-haustechnik.at\/index.php\/wp-json\/wp\/v2\/pages"}],"about":[{"href":"https:\/\/aichinger-haustechnik.at\/index.php\/wp-json\/wp\/v2\/types\/page"}],"author":[{"embeddable":true,"href":"https:\/\/aichinger-haustechnik.at\/index.php\/wp-json\/wp\/v2\/users\/2"}],"replies":[{"embeddable":true,"href":"https:\/\/aichinger-haustechnik.at\/index.php\/wp-json\/wp\/v2\/comments?post=803"}],"version-history":[{"count":26,"href":"https:\/\/aichinger-haustechnik.at\/index.php\/wp-json\/wp\/v2\/pages\/803\/revisions"}],"predecessor-version":[{"id":1913,"href":"https:\/\/aichinger-haustechnik.at\/index.php\/wp-json\/wp\/v2\/pages\/803\/revisions\/1913"}],"wp:attachment":[{"href":"https:\/\/aichinger-haustechnik.at\/index.php\/wp-json\/wp\/v2\/media?parent=803"}],"curies":[{"name":"wp","href":"https:\/\/api.w.org\/{rel}","templated":true}]}}