{"id":936,"date":"2020-11-17T13:33:01","date_gmt":"2020-11-17T13:33:01","guid":{"rendered":"https:\/\/aichinger-haustechnik.at\/index.php\/versand__lieferung\/"},"modified":"2020-12-22T09:40:52","modified_gmt":"2020-12-22T09:40:52","slug":"versand__lieferung","status":"publish","type":"page","link":"https:\/\/aichinger-haustechnik.at\/index.php\/versand__lieferung\/","title":{"rendered":"Versand &#038; Lieferung"},"content":{"rendered":"<p><strong>\u00a0<\/strong><\/p>\n<p>Die auf den Produktseiten genannten Preise enthalten die gesetzliche Mehrwertsteuer und sonstige Preisbestandteile.<\/p>\n<p>Wir liefern in \u00d6sterreich.<\/p>\n<p>Zus\u00e4tzlich zu den angegebenen Preisen berechnen wir f\u00fcr die Lieferung innerhalb \u00d6sterreichs pauschal. Die Versandkosten werden Ihnen auf Ihrer Rechnung nochmals deutlich mitgeteilt.<\/p>\n<p>F\u00fcr digitale Inhalte (E-Books, Software, etc.) fallen keine Versandkosten an.<\/p>\n<p>Die Versandkostenpauschale enth\u00e4lt die gesetzliche Mehrwertsteuer. Da die Mehrwertsteuer auf die Versandkostenpauschale abh\u00e4ngig von den erworbenen Waren berechnet wird, kann sie sich mindern, wenn Waren zu niedrigeren Umsatzsteuers\u00e4tzen erworben werden (z.B. bei Erwerb von B\u00fcchern). Das bedeutet, dass die Versandkostenpauschale erst im Rahmen des Bestellprozesses endg\u00fcltig berechnet werden kann. Sie kann dabei jedoch nicht h\u00f6her, sondern nur zu Ihren Gunsten niedriger werden.<\/p>\n","protected":false},"excerpt":{"rendered":"<p>\u00a0 Die auf den Produktseiten genannten Preise enthalten die gesetzliche Mehrwertsteuer und sonstige Preisbestandteile. Wir liefern in \u00d6sterreich. Zus\u00e4tzlich zu den angegebenen [&hellip;]<\/p>\n","protected":false},"author":2,"featured_media":0,"parent":0,"menu_order":0,"comment_status":"closed","ping_status":"closed","template":"elementor_header_footer","meta":{"footnotes":""},"class_list":["post-936","page","type-page","status-publish","hentry"],"yoast_head":"<!-- This site is optimized with the Yoast SEO Premium plugin v24.7 (Yoast SEO v24.7) - https:\/\/yoast.com\/wordpress\/plugins\/seo\/ -->\n<title>Versand &amp; Lieferung - Aichinger Haustechnik<\/title>\n<meta name=\"robots\" content=\"index, follow, max-snippet:-1, max-image-preview:large, max-video-preview:-1\" \/>\n<link rel=\"canonical\" href=\"https:\/\/aichinger-haustechnik.at\/index.php\/versand__lieferung\/\" \/>\n<meta property=\"og:locale\" content=\"de_DE\" \/>\n<meta property=\"og:type\" content=\"article\" \/>\n<meta property=\"og:title\" content=\"Versand &amp; Lieferung\" \/>\n<meta property=\"og:description\" content=\"\u00a0 Die auf den Produktseiten genannten Preise enthalten die gesetzliche Mehrwertsteuer und sonstige Preisbestandteile. Wir liefern in \u00d6sterreich. Zus\u00e4tzlich zu den angegebenen [&hellip;]\" \/>\n<meta property=\"og:url\" content=\"https:\/\/aichinger-haustechnik.at\/index.php\/versand__lieferung\/\" \/>\n<meta property=\"og:site_name\" content=\"Aichinger Haustechnik\" \/>\n<meta property=\"article:modified_time\" content=\"2020-12-22T09:40:52+00:00\" \/>\n<meta name=\"twitter:card\" content=\"summary_large_image\" \/>\n<meta name=\"twitter:label1\" content=\"Gesch\u00e4tzte Lesezeit\" \/>\n\t<meta name=\"twitter:data1\" content=\"1\u00a0Minute\" \/>\n<script type=\"application\/ld+json\" class=\"yoast-schema-graph\">{\"@context\":\"https:\/\/schema.org\",\"@graph\":[{\"@type\":\"WebPage\",\"@id\":\"https:\/\/aichinger-haustechnik.at\/index.php\/versand__lieferung\/\",\"url\":\"https:\/\/aichinger-haustechnik.at\/index.php\/versand__lieferung\/\",\"name\":\"Versand & Lieferung - Aichinger Haustechnik\",\"isPartOf\":{\"@id\":\"https:\/\/aichinger-haustechnik.at\/#website\"},\"datePublished\":\"2020-11-17T13:33:01+00:00\",\"dateModified\":\"2020-12-22T09:40:52+00:00\",\"breadcrumb\":{\"@id\":\"https:\/\/aichinger-haustechnik.at\/index.php\/versand__lieferung\/#breadcrumb\"},\"inLanguage\":\"de\",\"potentialAction\":[{\"@type\":\"ReadAction\",\"target\":[\"https:\/\/aichinger-haustechnik.at\/index.php\/versand__lieferung\/\"]}]},{\"@type\":\"BreadcrumbList\",\"@id\":\"https:\/\/aichinger-haustechnik.at\/index.php\/versand__lieferung\/#breadcrumb\",\"itemListElement\":[{\"@type\":\"ListItem\",\"position\":1,\"name\":\"Home\",\"item\":\"https:\/\/aichinger-haustechnik.at\/\"},{\"@type\":\"ListItem\",\"position\":2,\"name\":\"Versand &#038; Lieferung\"}]},{\"@type\":\"WebSite\",\"@id\":\"https:\/\/aichinger-haustechnik.at\/#website\",\"url\":\"https:\/\/aichinger-haustechnik.at\/\",\"name\":\"Aichinger Haustechnik\",\"description\":\"Installateur Kopfing im Innkreis\",\"potentialAction\":[{\"@type\":\"SearchAction\",\"target\":{\"@type\":\"EntryPoint\",\"urlTemplate\":\"https:\/\/aichinger-haustechnik.at\/?s={search_term_string}\"},\"query-input\":{\"@type\":\"PropertyValueSpecification\",\"valueRequired\":true,\"valueName\":\"search_term_string\"}}],\"inLanguage\":\"de\"}]}<\/script>\n<!-- \/ Yoast SEO Premium plugin. -->","yoast_head_json":{"title":"Versand & Lieferung - Aichinger Haustechnik","robots":{"index":"index","follow":"follow","max-snippet":"max-snippet:-1","max-image-preview":"max-image-preview:large","max-video-preview":"max-video-preview:-1"},"canonical":"https:\/\/aichinger-haustechnik.at\/index.php\/versand__lieferung\/","og_locale":"de_DE","og_type":"article","og_title":"Versand & Lieferung","og_description":"\u00a0 Die auf den Produktseiten genannten Preise enthalten die gesetzliche Mehrwertsteuer und sonstige Preisbestandteile. Wir liefern in \u00d6sterreich. Zus\u00e4tzlich zu den angegebenen [&hellip;]","og_url":"https:\/\/aichinger-haustechnik.at\/index.php\/versand__lieferung\/","og_site_name":"Aichinger Haustechnik","article_modified_time":"2020-12-22T09:40:52+00:00","twitter_card":"summary_large_image","twitter_misc":{"Gesch\u00e4tzte Lesezeit":"1\u00a0Minute"},"schema":{"@context":"https:\/\/schema.org","@graph":[{"@type":"WebPage","@id":"https:\/\/aichinger-haustechnik.at\/index.php\/versand__lieferung\/","url":"https:\/\/aichinger-haustechnik.at\/index.php\/versand__lieferung\/","name":"Versand & Lieferung - Aichinger Haustechnik","isPartOf":{"@id":"https:\/\/aichinger-haustechnik.at\/#website"},"datePublished":"2020-11-17T13:33:01+00:00","dateModified":"2020-12-22T09:40:52+00:00","breadcrumb":{"@id":"https:\/\/aichinger-haustechnik.at\/index.php\/versand__lieferung\/#breadcrumb"},"inLanguage":"de","potentialAction":[{"@type":"ReadAction","target":["https:\/\/aichinger-haustechnik.at\/index.php\/versand__lieferung\/"]}]},{"@type":"BreadcrumbList","@id":"https:\/\/aichinger-haustechnik.at\/index.php\/versand__lieferung\/#breadcrumb","itemListElement":[{"@type":"ListItem","position":1,"name":"Home","item":"https:\/\/aichinger-haustechnik.at\/"},{"@type":"ListItem","position":2,"name":"Versand &#038; Lieferung"}]},{"@type":"WebSite","@id":"https:\/\/aichinger-haustechnik.at\/#website","url":"https:\/\/aichinger-haustechnik.at\/","name":"Aichinger Haustechnik","description":"Installateur Kopfing im Innkreis","potentialAction":[{"@type":"SearchAction","target":{"@type":"EntryPoint","urlTemplate":"https:\/\/aichinger-haustechnik.at\/?s={search_term_string}"},"query-input":{"@type":"PropertyValueSpecification","valueRequired":true,"valueName":"search_term_string"}}],"inLanguage":"de"}]}},"_links":{"self":[{"href":"https:\/\/aichinger-haustechnik.at\/index.php\/wp-json\/wp\/v2\/pages\/936","targetHints":{"allow":["GET"]}}],"collection":[{"href":"https:\/\/aichinger-haustechnik.at\/index.php\/wp-json\/wp\/v2\/pages"}],"about":[{"href":"https:\/\/aichinger-haustechnik.at\/index.php\/wp-json\/wp\/v2\/types\/page"}],"author":[{"embeddable":true,"href":"https:\/\/aichinger-haustechnik.at\/index.php\/wp-json\/wp\/v2\/users\/2"}],"replies":[{"embeddable":true,"href":"https:\/\/aichinger-haustechnik.at\/index.php\/wp-json\/wp\/v2\/comments?post=936"}],"version-history":[{"count":3,"href":"https:\/\/aichinger-haustechnik.at\/index.php\/wp-json\/wp\/v2\/pages\/936\/revisions"}],"predecessor-version":[{"id":1183,"href":"https:\/\/aichinger-haustechnik.at\/index.php\/wp-json\/wp\/v2\/pages\/936\/revisions\/1183"}],"wp:attachment":[{"href":"https:\/\/aichinger-haustechnik.at\/index.php\/wp-json\/wp\/v2\/media?parent=936"}],"curies":[{"name":"wp","href":"https:\/\/api.w.org\/{rel}","templated":true}]}}