{"id":939,"date":"2020-11-17T13:33:01","date_gmt":"2020-11-17T13:33:01","guid":{"rendered":"https:\/\/aichinger-haustechnik.at\/index.php\/zahlungsweisen\/"},"modified":"2021-01-25T09:36:59","modified_gmt":"2021-01-25T09:36:59","slug":"zahlungsweisen","status":"publish","type":"page","link":"https:\/\/aichinger-haustechnik.at\/index.php\/zahlungsweisen\/","title":{"rendered":"Zahlungsweisen"},"content":{"rendered":"<p><strong>\u00a0<\/strong><\/p>\n<p><strong>Zahlungsarten<\/strong><\/p>\n<p>Wir bieten Ihnen folgende Zahlungsart an: Kauf auf Rechnng. Die Versandkosten sind teilweise abh\u00e4ngig von der gew\u00e4hlten Zahlungsart. Die in den jeweiligen Angeboten angef\u00fchrten Preise stellen Endpreise dar. Sie beinhalten alle Preisbestandteile einschlie\u00dflich etwaig anfallender Steuern wie Mehrwertsteuer. Bei grenz\u00fcberschreitender Lieferung k\u00f6nnen im Einzelfall weitere Steuern (z.B. im Falle eines innergemeinschaftlichen Erwerbs) und\/oder Abgaben (z.B. Z\u00f6lle) von Ihnen zu zahlen sein, jedoch nicht an den Verk\u00e4ufer, sondern an die dort zust\u00e4ndigen Zoll- bzw. Steuerbeh\u00f6rden. Die anfallenden Liefer- und Versandkosten sind nicht im Kaufpreis enthalten, sie sind \u00fcber die Seite \u201eVersandkosten\u201c aufrufbar, werden im Laufe des Bestellvorganges gesondert ausgewiesen und sind von Ihnen zus\u00e4tzlich zu tragen.<\/p>\n<p><em>Vorrauskasse per Rechnung <\/em><br \/>\nSie erhalten die Rechnung per Mail. Erst nachdem der Rechnungsbetrag bei uns eingegangen ist, wird die Ware versendet. Die Ware bleibt bis zur vollst\u00e4ndigen Bezahlung unser Eigentum.<\/p>\n<p><em>PayPal<\/em><br \/>\nMit Paypal bezahlen. Solltest du keinen Paypal-Account besitzen, kannst du dich hier anmelden: www.paypal.com<\/p>\n","protected":false},"excerpt":{"rendered":"<p>\u00a0 Zahlungsarten Wir bieten Ihnen folgende Zahlungsart an: Kauf auf Rechnng. Die Versandkosten sind teilweise abh\u00e4ngig von der gew\u00e4hlten Zahlungsart. Die in [&hellip;]<\/p>\n","protected":false},"author":2,"featured_media":0,"parent":0,"menu_order":0,"comment_status":"closed","ping_status":"closed","template":"elementor_header_footer","meta":{"footnotes":""},"class_list":["post-939","page","type-page","status-publish","hentry"],"yoast_head":"<!-- This site is optimized with the Yoast SEO Premium plugin v24.7 (Yoast SEO v24.7) - https:\/\/yoast.com\/wordpress\/plugins\/seo\/ -->\n<title>Zahlungsweisen - Aichinger Haustechnik<\/title>\n<meta name=\"robots\" content=\"index, follow, max-snippet:-1, max-image-preview:large, max-video-preview:-1\" \/>\n<link rel=\"canonical\" href=\"https:\/\/aichinger-haustechnik.at\/index.php\/zahlungsweisen\/\" \/>\n<meta property=\"og:locale\" content=\"de_DE\" \/>\n<meta property=\"og:type\" content=\"article\" \/>\n<meta property=\"og:title\" content=\"Zahlungsweisen\" \/>\n<meta property=\"og:description\" content=\"\u00a0 Zahlungsarten Wir bieten Ihnen folgende Zahlungsart an: Kauf auf Rechnng. Die Versandkosten sind teilweise abh\u00e4ngig von der gew\u00e4hlten Zahlungsart. Die in [&hellip;]\" \/>\n<meta property=\"og:url\" content=\"https:\/\/aichinger-haustechnik.at\/index.php\/zahlungsweisen\/\" \/>\n<meta property=\"og:site_name\" content=\"Aichinger Haustechnik\" \/>\n<meta property=\"article:modified_time\" content=\"2021-01-25T09:36:59+00:00\" \/>\n<meta name=\"twitter:card\" content=\"summary_large_image\" \/>\n<meta name=\"twitter:label1\" content=\"Gesch\u00e4tzte Lesezeit\" \/>\n\t<meta name=\"twitter:data1\" content=\"1\u00a0Minute\" \/>\n<script type=\"application\/ld+json\" class=\"yoast-schema-graph\">{\"@context\":\"https:\/\/schema.org\",\"@graph\":[{\"@type\":\"WebPage\",\"@id\":\"https:\/\/aichinger-haustechnik.at\/index.php\/zahlungsweisen\/\",\"url\":\"https:\/\/aichinger-haustechnik.at\/index.php\/zahlungsweisen\/\",\"name\":\"Zahlungsweisen - Aichinger Haustechnik\",\"isPartOf\":{\"@id\":\"https:\/\/aichinger-haustechnik.at\/#website\"},\"datePublished\":\"2020-11-17T13:33:01+00:00\",\"dateModified\":\"2021-01-25T09:36:59+00:00\",\"breadcrumb\":{\"@id\":\"https:\/\/aichinger-haustechnik.at\/index.php\/zahlungsweisen\/#breadcrumb\"},\"inLanguage\":\"de\",\"potentialAction\":[{\"@type\":\"ReadAction\",\"target\":[\"https:\/\/aichinger-haustechnik.at\/index.php\/zahlungsweisen\/\"]}]},{\"@type\":\"BreadcrumbList\",\"@id\":\"https:\/\/aichinger-haustechnik.at\/index.php\/zahlungsweisen\/#breadcrumb\",\"itemListElement\":[{\"@type\":\"ListItem\",\"position\":1,\"name\":\"Home\",\"item\":\"https:\/\/aichinger-haustechnik.at\/\"},{\"@type\":\"ListItem\",\"position\":2,\"name\":\"Zahlungsweisen\"}]},{\"@type\":\"WebSite\",\"@id\":\"https:\/\/aichinger-haustechnik.at\/#website\",\"url\":\"https:\/\/aichinger-haustechnik.at\/\",\"name\":\"Aichinger Haustechnik\",\"description\":\"Installateur Kopfing im Innkreis\",\"potentialAction\":[{\"@type\":\"SearchAction\",\"target\":{\"@type\":\"EntryPoint\",\"urlTemplate\":\"https:\/\/aichinger-haustechnik.at\/?s={search_term_string}\"},\"query-input\":{\"@type\":\"PropertyValueSpecification\",\"valueRequired\":true,\"valueName\":\"search_term_string\"}}],\"inLanguage\":\"de\"}]}<\/script>\n<!-- \/ Yoast SEO Premium plugin. -->","yoast_head_json":{"title":"Zahlungsweisen - Aichinger Haustechnik","robots":{"index":"index","follow":"follow","max-snippet":"max-snippet:-1","max-image-preview":"max-image-preview:large","max-video-preview":"max-video-preview:-1"},"canonical":"https:\/\/aichinger-haustechnik.at\/index.php\/zahlungsweisen\/","og_locale":"de_DE","og_type":"article","og_title":"Zahlungsweisen","og_description":"\u00a0 Zahlungsarten Wir bieten Ihnen folgende Zahlungsart an: Kauf auf Rechnng. Die Versandkosten sind teilweise abh\u00e4ngig von der gew\u00e4hlten Zahlungsart. Die in [&hellip;]","og_url":"https:\/\/aichinger-haustechnik.at\/index.php\/zahlungsweisen\/","og_site_name":"Aichinger Haustechnik","article_modified_time":"2021-01-25T09:36:59+00:00","twitter_card":"summary_large_image","twitter_misc":{"Gesch\u00e4tzte Lesezeit":"1\u00a0Minute"},"schema":{"@context":"https:\/\/schema.org","@graph":[{"@type":"WebPage","@id":"https:\/\/aichinger-haustechnik.at\/index.php\/zahlungsweisen\/","url":"https:\/\/aichinger-haustechnik.at\/index.php\/zahlungsweisen\/","name":"Zahlungsweisen - Aichinger Haustechnik","isPartOf":{"@id":"https:\/\/aichinger-haustechnik.at\/#website"},"datePublished":"2020-11-17T13:33:01+00:00","dateModified":"2021-01-25T09:36:59+00:00","breadcrumb":{"@id":"https:\/\/aichinger-haustechnik.at\/index.php\/zahlungsweisen\/#breadcrumb"},"inLanguage":"de","potentialAction":[{"@type":"ReadAction","target":["https:\/\/aichinger-haustechnik.at\/index.php\/zahlungsweisen\/"]}]},{"@type":"BreadcrumbList","@id":"https:\/\/aichinger-haustechnik.at\/index.php\/zahlungsweisen\/#breadcrumb","itemListElement":[{"@type":"ListItem","position":1,"name":"Home","item":"https:\/\/aichinger-haustechnik.at\/"},{"@type":"ListItem","position":2,"name":"Zahlungsweisen"}]},{"@type":"WebSite","@id":"https:\/\/aichinger-haustechnik.at\/#website","url":"https:\/\/aichinger-haustechnik.at\/","name":"Aichinger Haustechnik","description":"Installateur Kopfing im Innkreis","potentialAction":[{"@type":"SearchAction","target":{"@type":"EntryPoint","urlTemplate":"https:\/\/aichinger-haustechnik.at\/?s={search_term_string}"},"query-input":{"@type":"PropertyValueSpecification","valueRequired":true,"valueName":"search_term_string"}}],"inLanguage":"de"}]}},"_links":{"self":[{"href":"https:\/\/aichinger-haustechnik.at\/index.php\/wp-json\/wp\/v2\/pages\/939","targetHints":{"allow":["GET"]}}],"collection":[{"href":"https:\/\/aichinger-haustechnik.at\/index.php\/wp-json\/wp\/v2\/pages"}],"about":[{"href":"https:\/\/aichinger-haustechnik.at\/index.php\/wp-json\/wp\/v2\/types\/page"}],"author":[{"embeddable":true,"href":"https:\/\/aichinger-haustechnik.at\/index.php\/wp-json\/wp\/v2\/users\/2"}],"replies":[{"embeddable":true,"href":"https:\/\/aichinger-haustechnik.at\/index.php\/wp-json\/wp\/v2\/comments?post=939"}],"version-history":[{"count":5,"href":"https:\/\/aichinger-haustechnik.at\/index.php\/wp-json\/wp\/v2\/pages\/939\/revisions"}],"predecessor-version":[{"id":1200,"href":"https:\/\/aichinger-haustechnik.at\/index.php\/wp-json\/wp\/v2\/pages\/939\/revisions\/1200"}],"wp:attachment":[{"href":"https:\/\/aichinger-haustechnik.at\/index.php\/wp-json\/wp\/v2\/media?parent=939"}],"curies":[{"name":"wp","href":"https:\/\/api.w.org\/{rel}","templated":true}]}}