{"id":1027,"date":"2020-12-07T13:17:43","date_gmt":"2020-12-07T13:17:43","guid":{"rendered":"https:\/\/aichinger-haustechnik.at\/?post_type=product&#038;p=1027"},"modified":"2024-01-20T09:31:04","modified_gmt":"2024-01-20T09:31:04","slug":"livo-aqua","status":"publish","type":"product","link":"https:\/\/aichinger-haustechnik.at\/index.php\/product\/livo-aqua\/","title":{"rendered":"Livo Aqua Plus Pelletofen"},"content":{"rendered":"<p>Die <strong>Wohnraum Zentralheizung LIVO Aqua<\/strong> vereint wohlige W\u00e4rme und die Behaglichkeit eines Kaminofens mit der Funktion einer Zentralheizung. Neben der Nutzung der W\u00e4rme f\u00fcr die Zentralheizung wird die erzeugte Abstrahlungs\u00adw\u00e4rme im Aufstellungsraum verwendet. Standardm\u00e4\u00dfig wird der Heizkessel mit der kesseleigenen Regelung, welche den Kessel und ein Puffer-\/Boilermanagement steuert, und einem integrierten ca. 30 kg gro\u00dfen Vorratsbeh\u00e4lter aus\u00ad geliefert. Eine umfangreichere Regelung kann optional dazu bestellt werden. Weiters ist es m\u00f6glich den LIVO Aqua mittels Schnecken-\/Saugf\u00f6rdersystem visionconvey AIR automatisch zu betreiben. Die Automatisierung \u00fcber das F\u00f6r\u00addersystem erfolgt auf der R\u00fcckseite des Heizkessels. Hier wird eine Adapterplatte angeschraubt und das F\u00f6rdersystem kann \u00fcber einstellbare Saugzeiten den integrierten Vorratsbeh\u00e4lter (mit ca. 30 kg Fassungsverm\u00f6gen) auff\u00fcllen. Der LIVO Aqua besticht durch seine hohe Verarbeitungsqualit\u00e4t. Der Korpus mit der widerstandsf\u00e4higen Pulverbeschich\u00adtung ist in den Farben wei\u00df, grau oder schwarz erh\u00e4ltlich.<\/p>\n<p><strong>Flammbild<br \/>\n<\/strong>Das attraktive Flammbild ist ein emotionaler Mehrwert in jedem Ei\u00adgenheim und sorgt f\u00fcr Wohlbefin\u00adden und Behaglichkeit .<\/p>\n<p><strong>Komfort<\/strong><br \/>\nDer manuell zu bedienende Tagesbe\u00adh\u00e4lter kann optional mit einem auto\u00admatischen Ansaugsystem ausgestat\u00adtet bzw. nachger\u00fcstet werden. Es ist kein eigener Heizraum n\u00f6tig.<\/p>\n<p><strong>Zentralheizung<\/strong><br \/>\nKein W\u00e4rmeverlust durch Abstrahlung\u00a0 in\u00a0 den Wohnraum. Kein \u00dcberheizen des Aufstellungs\u00ad raumes durch die effiziente Aufteilung von 15%\/85% Luft\/ Wasser.<\/p>\n<p><strong>Sicherheit<\/strong><br \/>\nEine Zellradschleuse aus massivem Guss ver\u00adhindert eine R\u00fcckbrandgefahr zur Brennstoff\u00adquelle.<\/p>\n<p><strong>Sichtfenster<br \/>\n<\/strong>Romantische Abende vor einem Feuer. Mit dem gro\u00dfen Sichtfenster des Ofens bleibt das keine Wunschvorstellung mehr!<\/p>\n<p><strong>Schnelle W\u00e4rme<br \/>\n<\/strong>Einschalten und sofort die wohlige W\u00e4rme genie\u00dfen. Ein Pelletofen l\u00e4sst diesbez\u00fcglich keine W\u00fcnsche offen. Der Ofen ist Raumluftunabh\u00e4ngig.<\/p>\n<p><strong>Eleganz<br \/>\n<\/strong>Die Rundungen des Sichtfensters bestechen mit ihrer Eleganz.<\/p>\n","protected":false},"excerpt":{"rendered":"<p>Die Wohnraum Zentralheizung LIVO Aqua vereint wohlige W\u00e4rme und die Behaglichkeit eines Kaminofens mit der Funktion einer Zentralheizung. Neben der Nutzung der [&hellip;]<\/p>\n","protected":false},"featured_media":1337,"comment_status":"closed","ping_status":"closed","template":"","meta":[],"product_brand":[],"product_cat":[56],"product_tag":[],"class_list":{"0":"post-1027","1":"product","2":"type-product","3":"status-publish","4":"has-post-thumbnail","6":"product_cat-pelletoefen","8":"first","9":"instock","10":"taxable","11":"shipping-taxable","12":"purchasable","13":"product-type-variable"},"yoast_head":"<!-- This site is optimized with the Yoast SEO Premium plugin v24.7 (Yoast SEO v24.7) - https:\/\/yoast.com\/wordpress\/plugins\/seo\/ -->\n<title>Livo Aqua Plus Pelletofen - Aichinger Haustechnik<\/title>\n<meta name=\"description\" content=\"FireVision Liquo Aqua Pelletofen jetzt bei Aichinger Haustechnik online kaufen!\" \/>\n<meta name=\"robots\" content=\"index, follow, max-snippet:-1, max-image-preview:large, max-video-preview:-1\" \/>\n<link rel=\"canonical\" href=\"https:\/\/aichinger-haustechnik.at\/index.php\/product\/livo-aqua\/\" \/>\n<meta property=\"og:locale\" content=\"de_DE\" \/>\n<meta property=\"og:type\" content=\"article\" \/>\n<meta property=\"og:title\" content=\"Livo Aqua Plus Pelletofen\" \/>\n<meta property=\"og:description\" content=\"FireVision Liquo Aqua Pelletofen jetzt bei Aichinger Haustechnik online kaufen!\" \/>\n<meta property=\"og:url\" content=\"https:\/\/aichinger-haustechnik.at\/index.php\/product\/livo-aqua\/\" \/>\n<meta property=\"og:site_name\" content=\"Aichinger Haustechnik\" \/>\n<meta property=\"article:modified_time\" content=\"2024-01-20T09:31:04+00:00\" \/>\n<meta property=\"og:image\" content=\"https:\/\/aichinger-haustechnik.at\/wp-content\/uploads\/2020\/12\/LIVO-AQUA.jpg\" \/>\n\t<meta property=\"og:image:width\" content=\"500\" \/>\n\t<meta property=\"og:image:height\" content=\"500\" \/>\n\t<meta property=\"og:image:type\" content=\"image\/jpeg\" \/>\n<meta name=\"twitter:card\" content=\"summary_large_image\" \/>\n<meta name=\"twitter:label1\" content=\"Gesch\u00e4tzte Lesezeit\" \/>\n\t<meta name=\"twitter:data1\" content=\"2\u00a0Minuten\" \/>\n<script type=\"application\/ld+json\" class=\"yoast-schema-graph\">{\"@context\":\"https:\/\/schema.org\",\"@graph\":[{\"@type\":\"WebPage\",\"@id\":\"https:\/\/aichinger-haustechnik.at\/index.php\/product\/livo-aqua\/\",\"url\":\"https:\/\/aichinger-haustechnik.at\/index.php\/product\/livo-aqua\/\",\"name\":\"Livo Aqua Plus Pelletofen - Aichinger Haustechnik\",\"isPartOf\":{\"@id\":\"https:\/\/aichinger-haustechnik.at\/#website\"},\"primaryImageOfPage\":{\"@id\":\"https:\/\/aichinger-haustechnik.at\/index.php\/product\/livo-aqua\/#primaryimage\"},\"image\":{\"@id\":\"https:\/\/aichinger-haustechnik.at\/index.php\/product\/livo-aqua\/#primaryimage\"},\"thumbnailUrl\":\"https:\/\/aichinger-haustechnik.at\/wp-content\/uploads\/2020\/12\/LIVO-AQUA.jpg\",\"datePublished\":\"2020-12-07T13:17:43+00:00\",\"dateModified\":\"2024-01-20T09:31:04+00:00\",\"description\":\"FireVision Liquo Aqua Pelletofen jetzt bei Aichinger Haustechnik online kaufen!\",\"breadcrumb\":{\"@id\":\"https:\/\/aichinger-haustechnik.at\/index.php\/product\/livo-aqua\/#breadcrumb\"},\"inLanguage\":\"de\",\"potentialAction\":[{\"@type\":\"ReadAction\",\"target\":[\"https:\/\/aichinger-haustechnik.at\/index.php\/product\/livo-aqua\/\"]}]},{\"@type\":\"ImageObject\",\"inLanguage\":\"de\",\"@id\":\"https:\/\/aichinger-haustechnik.at\/index.php\/product\/livo-aqua\/#primaryimage\",\"url\":\"https:\/\/aichinger-haustechnik.at\/wp-content\/uploads\/2020\/12\/LIVO-AQUA.jpg\",\"contentUrl\":\"https:\/\/aichinger-haustechnik.at\/wp-content\/uploads\/2020\/12\/LIVO-AQUA.jpg\",\"width\":500,\"height\":500,\"caption\":\"FireVision Livo Aqua\"},{\"@type\":\"BreadcrumbList\",\"@id\":\"https:\/\/aichinger-haustechnik.at\/index.php\/product\/livo-aqua\/#breadcrumb\",\"itemListElement\":[{\"@type\":\"ListItem\",\"position\":1,\"name\":\"Home\",\"item\":\"https:\/\/aichinger-haustechnik.at\/\"},{\"@type\":\"ListItem\",\"position\":2,\"name\":\"testshop\",\"item\":\"https:\/\/aichinger-haustechnik.at\/index.php\/testshop\/\"},{\"@type\":\"ListItem\",\"position\":3,\"name\":\"Livo Aqua Plus Pelletofen\"}]},{\"@type\":\"WebSite\",\"@id\":\"https:\/\/aichinger-haustechnik.at\/#website\",\"url\":\"https:\/\/aichinger-haustechnik.at\/\",\"name\":\"Aichinger Haustechnik\",\"description\":\"Installateur Kopfing im Innkreis\",\"potentialAction\":[{\"@type\":\"SearchAction\",\"target\":{\"@type\":\"EntryPoint\",\"urlTemplate\":\"https:\/\/aichinger-haustechnik.at\/?s={search_term_string}\"},\"query-input\":{\"@type\":\"PropertyValueSpecification\",\"valueRequired\":true,\"valueName\":\"search_term_string\"}}],\"inLanguage\":\"de\"}]}<\/script>\n<!-- \/ Yoast SEO Premium plugin. -->","yoast_head_json":{"title":"Livo Aqua Plus Pelletofen - Aichinger Haustechnik","description":"FireVision Liquo Aqua Pelletofen jetzt bei Aichinger Haustechnik online kaufen!","robots":{"index":"index","follow":"follow","max-snippet":"max-snippet:-1","max-image-preview":"max-image-preview:large","max-video-preview":"max-video-preview:-1"},"canonical":"https:\/\/aichinger-haustechnik.at\/index.php\/product\/livo-aqua\/","og_locale":"de_DE","og_type":"article","og_title":"Livo Aqua Plus Pelletofen","og_description":"FireVision Liquo Aqua Pelletofen jetzt bei Aichinger Haustechnik online kaufen!","og_url":"https:\/\/aichinger-haustechnik.at\/index.php\/product\/livo-aqua\/","og_site_name":"Aichinger Haustechnik","article_modified_time":"2024-01-20T09:31:04+00:00","og_image":[{"width":500,"height":500,"url":"https:\/\/aichinger-haustechnik.at\/wp-content\/uploads\/2020\/12\/LIVO-AQUA.jpg","type":"image\/jpeg"}],"twitter_card":"summary_large_image","twitter_misc":{"Gesch\u00e4tzte Lesezeit":"2\u00a0Minuten"},"schema":{"@context":"https:\/\/schema.org","@graph":[{"@type":"WebPage","@id":"https:\/\/aichinger-haustechnik.at\/index.php\/product\/livo-aqua\/","url":"https:\/\/aichinger-haustechnik.at\/index.php\/product\/livo-aqua\/","name":"Livo Aqua Plus Pelletofen - Aichinger Haustechnik","isPartOf":{"@id":"https:\/\/aichinger-haustechnik.at\/#website"},"primaryImageOfPage":{"@id":"https:\/\/aichinger-haustechnik.at\/index.php\/product\/livo-aqua\/#primaryimage"},"image":{"@id":"https:\/\/aichinger-haustechnik.at\/index.php\/product\/livo-aqua\/#primaryimage"},"thumbnailUrl":"https:\/\/aichinger-haustechnik.at\/wp-content\/uploads\/2020\/12\/LIVO-AQUA.jpg","datePublished":"2020-12-07T13:17:43+00:00","dateModified":"2024-01-20T09:31:04+00:00","description":"FireVision Liquo Aqua Pelletofen jetzt bei Aichinger Haustechnik online kaufen!","breadcrumb":{"@id":"https:\/\/aichinger-haustechnik.at\/index.php\/product\/livo-aqua\/#breadcrumb"},"inLanguage":"de","potentialAction":[{"@type":"ReadAction","target":["https:\/\/aichinger-haustechnik.at\/index.php\/product\/livo-aqua\/"]}]},{"@type":"ImageObject","inLanguage":"de","@id":"https:\/\/aichinger-haustechnik.at\/index.php\/product\/livo-aqua\/#primaryimage","url":"https:\/\/aichinger-haustechnik.at\/wp-content\/uploads\/2020\/12\/LIVO-AQUA.jpg","contentUrl":"https:\/\/aichinger-haustechnik.at\/wp-content\/uploads\/2020\/12\/LIVO-AQUA.jpg","width":500,"height":500,"caption":"FireVision Livo Aqua"},{"@type":"BreadcrumbList","@id":"https:\/\/aichinger-haustechnik.at\/index.php\/product\/livo-aqua\/#breadcrumb","itemListElement":[{"@type":"ListItem","position":1,"name":"Home","item":"https:\/\/aichinger-haustechnik.at\/"},{"@type":"ListItem","position":2,"name":"testshop","item":"https:\/\/aichinger-haustechnik.at\/index.php\/testshop\/"},{"@type":"ListItem","position":3,"name":"Livo Aqua Plus Pelletofen"}]},{"@type":"WebSite","@id":"https:\/\/aichinger-haustechnik.at\/#website","url":"https:\/\/aichinger-haustechnik.at\/","name":"Aichinger Haustechnik","description":"Installateur Kopfing im Innkreis","potentialAction":[{"@type":"SearchAction","target":{"@type":"EntryPoint","urlTemplate":"https:\/\/aichinger-haustechnik.at\/?s={search_term_string}"},"query-input":{"@type":"PropertyValueSpecification","valueRequired":true,"valueName":"search_term_string"}}],"inLanguage":"de"}]}},"_links":{"self":[{"href":"https:\/\/aichinger-haustechnik.at\/index.php\/wp-json\/wp\/v2\/product\/1027","targetHints":{"allow":["GET"]}}],"collection":[{"href":"https:\/\/aichinger-haustechnik.at\/index.php\/wp-json\/wp\/v2\/product"}],"about":[{"href":"https:\/\/aichinger-haustechnik.at\/index.php\/wp-json\/wp\/v2\/types\/product"}],"replies":[{"embeddable":true,"href":"https:\/\/aichinger-haustechnik.at\/index.php\/wp-json\/wp\/v2\/comments?post=1027"}],"wp:featuredmedia":[{"embeddable":true,"href":"https:\/\/aichinger-haustechnik.at\/index.php\/wp-json\/wp\/v2\/media\/1337"}],"wp:attachment":[{"href":"https:\/\/aichinger-haustechnik.at\/index.php\/wp-json\/wp\/v2\/media?parent=1027"}],"wp:term":[{"taxonomy":"product_brand","embeddable":true,"href":"https:\/\/aichinger-haustechnik.at\/index.php\/wp-json\/wp\/v2\/product_brand?post=1027"},{"taxonomy":"product_cat","embeddable":true,"href":"https:\/\/aichinger-haustechnik.at\/index.php\/wp-json\/wp\/v2\/product_cat?post=1027"},{"taxonomy":"product_tag","embeddable":true,"href":"https:\/\/aichinger-haustechnik.at\/index.php\/wp-json\/wp\/v2\/product_tag?post=1027"}],"curies":[{"name":"wp","href":"https:\/\/api.w.org\/{rel}","templated":true}]}}